{"id":102,"date":"2015-02-27T08:38:17","date_gmt":"2015-02-27T08:38:17","guid":{"rendered":"http:\/\/soniadaniel.be\/bioenergie\/?page_id=102"},"modified":"2023-08-27T15:11:57","modified_gmt":"2023-08-27T15:11:57","slug":"salon","status":"publish","type":"page","link":"https:\/\/soniadaniel.be\/bioenergie\/","title":{"rendered":"Soins"},"content":{"rendered":"<div id=\"pbuilder_wrapper\">\n<div id=\"pbuilder_content_wrapper\">\n<div id=\"pbuilder_content\">\n<div data-rowtype=\"0\" data-rowid=\"7\" style=\" box-shadow:    ; \" class=\"pbuilder_row\">\n<div class=\"pbuilder_row_background\" style=\" background-color: ; \"><\/div>\n<div>\n<div data-colnumber=\"0\" class=\"pbuilder_column pbuilder_column-1-1\">\n<div style=\"\" class=\"pbuilder_droppable\" >\n<div class=\"pbuilder_module\" data-shortcode=\"text\" data-modid=\"134\">\n<style type=\"text\/css\" scoped=\"scoped\">\n    #frb_text_42503919, #frb_text_42503919 *{}\n    #frb_text_42503919 a{color: #444444;}\n    #frb_text_42503919 a:hover{color: #444444;}\n\t<\/style>\n<style type=\"text\/css\" scoped=\"scoped\">#frb_text_42503919.frb_onScreen.frb_animated {-webkit-animation-duration: 1000ms; animation-duration: 1000ms;}#frb_text_42503919.frb_onScreen.frb_hinge {-webkit-animation-duration: 2000ms; animation-duration: 2000ms;}<\/style>\n<div id=\"frb_text_42503919\" class=\"\" style=\"padding-bottom:36px !important; text-align:left;\">\n<div class=\"frb_text\" style=\"color:#444444;\">\n<p><strong>Bienvenue dans mon univers de transformation et d&rsquo;\u00e9panouissement int\u00e9rieur !<\/strong><\/p>\n<p>Je vous propose un voyage au c\u0153ur de la gu\u00e9rison et de la d\u00e9couverte de soi \u00e0 travers une palette d&rsquo;activit\u00e9s \u00e9nerg\u00e9tiques fascinantes. Voici un aper\u00e7u des probl\u00e9matiques qui peuvent \u00eatre trait\u00e9es:<\/p>\n<ul>\n<li>Probl\u00e8mes relationnels et entre autre avec les pervers narcissiques<\/li>\n<li>Fatigue, manque d&rsquo;\u00e9nergie<\/li>\n<li>Mal-\u00eatre g\u00e9n\u00e9ral<\/li>\n<li>Perplexit\u00e9 face au d\u00e9veloppement des capacit\u00e9s extrasensorielles<\/li>\n<li>Blocages irrationnels<\/li>\n<\/ul>\n<p>Les soins \u00e9nerg\u00e9tiques apporteront un soulagement imm\u00e9diat et l&rsquo;hypnose ou les constellations familiales vous permettront d&rsquo;approfondir le travail sur vous-m\u00eame.<\/p>\n<p>Cliquez ICI pour plus d&rsquo;informations<\/p>\n<p>\u00a0<\/p>\n<\/div>\n<\/div>\n<\/div>\n<div class=\"pbuilder_module\" data-shortcode=\"text\" data-modid=\"132\">\n<style type=\"text\/css\" scoped=\"scoped\">\n    #frb_text_1764441956, #frb_text_1764441956 *{}\n    #frb_text_1764441956 a{color: #444444;}\n    #frb_text_1764441956 a:hover{color: #444444;}\n\t<\/style>\n<style type=\"text\/css\" scoped=\"scoped\">#frb_text_1764441956.frb_onScreen.frb_animated {-webkit-animation-duration: 1000ms; animation-duration: 1000ms;}#frb_text_1764441956.frb_onScreen.frb_hinge {-webkit-animation-duration: 2000ms; animation-duration: 2000ms;}<\/style>\n<div id=\"frb_text_1764441956\" class=\"\" style=\"padding-bottom:36px !important; text-align:left;\">\n<div class=\"frb_text\" style=\"color:#444444;\"><strong>Nouveaux horaires :<\/strong><\/p>\n<ul>\n<li>Lundi, mercredi, jeudi et vendredi en soir\u00e9e<\/li>\n<\/ul>\n<\/div>\n<\/div>\n<\/div>\n<div class=\"pbuilder_module\" data-shortcode=\"image\" data-modid=\"131\">\n<style type=\"text\/css\" scoped=\"scoped\">#frb_image_1381812108.frb_onScreen.frb_animated {-webkit-animation-duration: 1000ms; animation-duration: 1000ms;}#frb_image_1381812108.frb_onScreen.frb_hinge {-webkit-animation-duration: 2000ms; animation-duration: 2000ms;}<\/style>\n<style type=\"text\/css\" scoped=\"scoped\">#frb_image_1381812108 .frb_image_hover {background:#000000;}<\/style>\n<div id=\"frb_image_1381812108\" class=\"\" style=\"padding-bottom:36px !important;\">\n<div class=\"frb_image\" style=\"\"><span style=\"text-align:center; width:100%; display:block;\"><a class=\"\" target=\"_blank\" style=\"display:inline-block;\" href=\"https:\/\/www.facebook.com\/Sonia-Daniel-Pro-280756105441571\" rel=\"noopener noreferrer\"><span class=\"frb_image_inner\" style=\"\" data-bordercolor=\"#111111\" data-borderhover=\"#000000\"><br \/>\n\t\t<img id=\"\" class=\" frb_image_flat\" src=\"http:\/\/soniadaniel.be\/bioenergie\/wp-content\/uploads\/zen2023.jpg\" title=\"zen2023\" alt=\"zen2023\" style=\"border-color:#111111; margin:0 auto;\" \/><br \/>\n\t\t<span style=\"clear:both; display:block;\"><\/span><span id=\"_hover\" class=\" frb_image_hover\" data-transparency=\"0.4\"><\/span><i class=\"frb_icon fa fa-search\" style=\"line-height:30px; font-size:30px; height:30px; width:30px; margin:-15px \"><\/i><\/span><\/a><\/span><\/div>\n<\/div>\n<\/div>\n<\/div>\n<\/div>\n<div style=\"clear:both;\"><\/div>\n<\/div>\n<\/div>\n<div data-rowtype=\"0\" data-rowid=\"8\" style=\" box-shadow:    ; \" class=\"pbuilder_row\">\n<div class=\"pbuilder_row_background\" style=\" background-color: ; \"><\/div>\n<div>\n<div data-colnumber=\"0\" class=\"pbuilder_column pbuilder_column-1-1\">\n<div style=\"\" class=\"pbuilder_droppable\" ><\/div>\n<\/div>\n<div style=\"clear:both;\"><\/div>\n<\/div>\n<\/div>\n<div data-rowtype=\"0\" data-rowid=\"12\" style=\" box-shadow:    ; \" class=\"pbuilder_row\">\n<div class=\"pbuilder_row_background\" style=\" background-color: ; \"><\/div>\n<div>\n<div data-colnumber=\"0\" class=\"pbuilder_column pbuilder_column-1-1\">\n<div style=\"\" class=\"pbuilder_droppable\" ><\/div>\n<\/div>\n<div style=\"clear:both;\"><\/div>\n<\/div>\n<\/div>\n<div data-rowtype=\"0\" data-rowid=\"3\" style=\"padding-top:0px;padding-bottom:0px; box-shadow:    ; \" class=\"pbuilder_row\">\n<div class=\"pbuilder_row_background\" style=\" background-color: ; \"><\/div>\n<div>\n<div data-colnumber=\"0\" class=\"pbuilder_column pbuilder_column-1-1\">\n<div style=\"\" class=\"pbuilder_droppable\" ><\/div>\n<\/div>\n<div style=\"clear:both;\"><\/div>\n<\/div>\n<\/div>\n<div data-rowtype=\"0\" data-rowid=\"40\" style=\" box-shadow:    ; \" class=\"pbuilder_row\">\n<div class=\"pbuilder_row_background\" style=\" background-color: ; \"><\/div>\n<div>\n<div data-colnumber=\"0\" class=\"pbuilder_column pbuilder_column-1-1\">\n<div style=\"\" class=\"pbuilder_droppable\" ><\/div>\n<\/div>\n<div style=\"clear:both;\"><\/div>\n<\/div>\n<\/div>\n<div data-rowtype=\"0\" data-rowid=\"10\" style=\" box-shadow:    ; \" class=\"pbuilder_row\">\n<div class=\"pbuilder_row_background\" style=\" background-color: ; \"><\/div>\n<div>\n<div data-colnumber=\"0\" class=\"pbuilder_column pbuilder_column-1-1\">\n<div style=\"\" class=\"pbuilder_droppable\" ><\/div>\n<\/div>\n<div style=\"clear:both;\"><\/div>\n<\/div>\n<\/div>\n<div data-rowtype=\"0\" data-rowid=\"14\" style=\" box-shadow:    ; \" class=\"pbuilder_row\">\n<div class=\"pbuilder_row_background\" style=\" background-color: ; \"><\/div>\n<div>\n<div data-colnumber=\"0\" class=\"pbuilder_column pbuilder_column-1-1\">\n<div style=\"\" class=\"pbuilder_droppable\" ><\/div>\n<\/div>\n<div style=\"clear:both;\"><\/div>\n<\/div>\n<\/div>\n<div data-rowtype=\"0\" data-rowid=\"0\" style=\" box-shadow:    ; \" class=\"pbuilder_row\">\n<div class=\"pbuilder_row_background\" style=\" background-color: ; \"><\/div>\n<div>\n<div data-colnumber=\"0\" class=\"pbuilder_column pbuilder_column-1-1\">\n<div style=\"\" class=\"pbuilder_droppable\" ><\/div>\n<\/div>\n<div style=\"clear:both;\"><\/div>\n<\/div>\n<\/div>\n<div data-rowtype=\"0\" data-rowid=\"15\" style=\" box-shadow:    ; \" class=\"pbuilder_row\">\n<div class=\"pbuilder_row_background\" style=\" background-color: ; \"><\/div>\n<div>\n<div data-colnumber=\"0\" class=\"pbuilder_column pbuilder_column-1-1\">\n<div style=\"\" class=\"pbuilder_droppable\" ><\/div>\n<\/div>\n<div style=\"clear:both;\"><\/div>\n<\/div>\n<\/div>\n<div data-rowtype=\"0\" data-rowid=\"5\" style=\"padding-top:0px;padding-bottom:0px; box-shadow:    ; \" class=\"pbuilder_row_full_width pbuilder_row\">\n<div class=\"pbuilder_row_background\" style=\" background-color: ; \"><\/div>\n<div>\n<div data-colnumber=\"0\" class=\"pbuilder_column pbuilder_column-1-1\">\n<div style=\"\" class=\"pbuilder_droppable\" >\n<div class=\"pbuilder_module\" data-shortcode=\"gmap\" data-modid=\"18\">\n<style type=\"text\/css\" scoped>#frb_iframe_2067984088.frb_onScreen.frb_animated {-webkit-animation-duration: 1000ms; animation-duration: 1000ms;}#frb_iframe_2067984088.frb_onScreen.frb_hinge {-webkit-animation-duration: 2000ms; animation-duration: 2000ms;}<\/style>\n<div id=\"frb_iframe_2067984088\" class=\"  frb_animated frb_flipInY\" style=\"margin-bottom:-8px !important;padding-bottom:100px !important;\">  <iframe id='iframefrb_iframe_2067984088' style='width:100%;height:304px;border:0px; ' src='https:\/\/maps.google.com\/maps?q=139+rue+lhonneux+4420++Saint-Nicolas+%28Belgique%29&#038;z=15&#038;output=embed'  seamless frameborder='0' class='googlemap'><\/iframe><\/div>\n<\/div>\n<\/div>\n<\/div>\n<div style=\"clear:both;\"><\/div>\n<\/div>\n<\/div>\n<div data-rowtype=\"1\" data-rowid=\"18\" style=\" box-shadow:    ; \" class=\"pbuilder_row\">\n<div class=\"pbuilder_row_background\" style=\" background-color: ; \"><\/div>\n<div>\n<div data-colnumber=\"0\" class=\"pbuilder_column pbuilder_column-1-2\">\n<div style=\"\" class=\"pbuilder_droppable\" ><\/div>\n<\/div>\n<div data-colnumber=\"1\" class=\"pbuilder_column pbuilder_column-1-2\">\n<div style=\"\" class=\"pbuilder_droppable\" ><\/div>\n<\/div>\n<div style=\"clear:both;\"><\/div>\n<\/div>\n<\/div>\n<div data-rowtype=\"0\" data-rowid=\"16\" style=\" box-shadow:    ; \" class=\"pbuilder_row\">\n<div class=\"pbuilder_row_background\" style=\" background-color: ; \"><\/div>\n<div>\n<div data-colnumber=\"0\" class=\"pbuilder_column pbuilder_column-1-1\">\n<div style=\"\" class=\"pbuilder_droppable\" ><\/div>\n<\/div>\n<div style=\"clear:both;\"><\/div>\n<\/div>\n<\/div>\n<div data-rowtype=\"0\" data-rowid=\"35\" style=\" box-shadow:    ; \" class=\"pbuilder_row\">\n<div class=\"pbuilder_row_background\" style=\" background-color: ; \"><\/div>\n<div>\n<div data-colnumber=\"0\" class=\"pbuilder_column pbuilder_column-1-1\">\n<div style=\"\" class=\"pbuilder_droppable\" ><\/div>\n<\/div>\n<div style=\"clear:both;\"><\/div>\n<\/div>\n<\/div>\n<div data-rowtype=\"0\" data-rowid=\"34\" style=\" box-shadow:    ; \" class=\"pbuilder_row\">\n<div class=\"pbuilder_row_background\" style=\" background-color: ; \"><\/div>\n<div>\n<div data-colnumber=\"0\" class=\"pbuilder_column pbuilder_column-1-1\">\n<div style=\"\" class=\"pbuilder_droppable\" ><\/div>\n<\/div>\n<div style=\"clear:both;\"><\/div>\n<\/div>\n<\/div>\n<div data-rowtype=\"0\" data-rowid=\"32\" style=\" box-shadow:    ; \" class=\"pbuilder_row\">\n<div class=\"pbuilder_row_background\" style=\" background-color: ; \"><\/div>\n<div>\n<div data-colnumber=\"0\" class=\"pbuilder_column pbuilder_column-1-1\">\n<div style=\"\" class=\"pbuilder_droppable\" ><\/div>\n<\/div>\n<div style=\"clear:both;\"><\/div>\n<\/div>\n<\/div>\n<div data-rowtype=\"0\" data-rowid=\"4\" style=\" box-shadow:    ; \" class=\"pbuilder_row\">\n<div class=\"pbuilder_row_background\" style=\" background-color: ; \"><\/div>\n<div>\n<div data-colnumber=\"0\" class=\"pbuilder_column pbuilder_column-1-1\">\n<div style=\"\" class=\"pbuilder_droppable\" >\n<div class=\"pbuilder_module\" data-shortcode=\"pbtheme_title\" data-modid=\"28\">\n<div id=\"frb_title_1356574591\" class=\"\" style=\"margin:0px 0px 0px 0px;padding:20px 0px 20px 0px;\">\n<h3 class=\"blog_header_title pbtheme_header_font text-center\">\n<div class=\"title_container\"><span class=\"blog_header_line left_line inline-block\" style=\"border-color:#000000;\"><\/span><span  class=\"title_holder inline-block\" style=\"color:#000000 !important;\">&#8211;<\/span><span class=\"blog_header_line right_line inline-block\" style=\"border-color:#000000 !important;\"><\/span><\/div>\n<\/h3>\n<\/div>\n<style><\/style>\n<\/div>\n<div class=\"pbuilder_module\" data-shortcode=\"text\" data-modid=\"26\">\n<style type=\"text\/css\" scoped=\"scoped\">\n    #frb_text_1241420049, #frb_text_1241420049 *{}\n    #frb_text_1241420049 a{color: #5d5042;}\n    #frb_text_1241420049 a:hover{color: #808080;}\n\t<\/style>\n<style type=\"text\/css\" scoped=\"scoped\">#frb_text_1241420049.frb_onScreen.frb_animated {-webkit-animation-duration: 1000ms; animation-duration: 1000ms;}#frb_text_1241420049.frb_onScreen.frb_hinge {-webkit-animation-duration: 2000ms; animation-duration: 2000ms;}<\/style>\n<div id=\"frb_text_1241420049\" class=\" frb_animated frb_fadeInRight\" data-adelay=\"300\" style=\"padding-bottom:24px !important; text-align:left;\">\n<div class=\"frb_text\" style=\"color:#5d5042;\">Copyright 2015-2022 Sonia DANIEL &#8211; Tous droits r\u00e9serv\u00e9s &#8211; <a href=\"mailto:info@soniadaniel.be\">info@soniadaniel.be<\/a><\/div>\n<\/div>\n<\/div>\n<\/div>\n<\/div>\n<div style=\"clear:both;\"><\/div>\n<\/div>\n<\/div><\/div>\n<div style=\"clear:both\"><\/div>\n<\/p><\/div>\n<div style=\"clear:both\"><\/div>\n<\/p><\/div>\n","protected":false},"excerpt":{"rendered":"<p>Bienvenue dans mon univers de transformation et d&rsquo;\u00e9panouissement int\u00e9rieur ! Je vous propose un voyage au c\u0153ur de la gu\u00e9rison et de la d\u00e9couverte de soi \u00e0 travers une palette d&rsquo;activit\u00e9s \u00e9nerg\u00e9tiques fascinantes. Voici un aper\u00e7u des probl\u00e9matiques qui peuvent \u00eatre trait\u00e9es: Probl\u00e8mes relationnels et entre autre avec les pervers narcissiques Fatigue, manque d&rsquo;\u00e9nergie Mal-\u00eatre g\u00e9n\u00e9ral Perplexit\u00e9 face au d\u00e9veloppement des capacit\u00e9s extrasensorielles Blocages irrationnels Les soins \u00e9nerg\u00e9tiques apporteront un soulagement imm\u00e9diat et l&rsquo;hypnose ou les constellations familiales vous permettront d&rsquo;approfondir le travail sur vous-m\u00eame. Cliquez ICI pour plus d&rsquo;informations \u00a0 Nouveaux horaires : Lundi, mercredi, jeudi et vendredi en [&#8230;]<\/p>\n","protected":false},"author":1,"featured_media":0,"parent":0,"menu_order":0,"comment_status":"open","ping_status":"open","template":"","meta":[],"_links":{"self":[{"href":"https:\/\/soniadaniel.be\/bioenergie\/index.php?rest_route=\/wp\/v2\/pages\/102"}],"collection":[{"href":"https:\/\/soniadaniel.be\/bioenergie\/index.php?rest_route=\/wp\/v2\/pages"}],"about":[{"href":"https:\/\/soniadaniel.be\/bioenergie\/index.php?rest_route=\/wp\/v2\/types\/page"}],"author":[{"embeddable":true,"href":"https:\/\/soniadaniel.be\/bioenergie\/index.php?rest_route=\/wp\/v2\/users\/1"}],"replies":[{"embeddable":true,"href":"https:\/\/soniadaniel.be\/bioenergie\/index.php?rest_route=%2Fwp%2Fv2%2Fcomments&post=102"}],"version-history":[{"count":584,"href":"https:\/\/soniadaniel.be\/bioenergie\/index.php?rest_route=\/wp\/v2\/pages\/102\/revisions"}],"predecessor-version":[{"id":1564,"href":"https:\/\/soniadaniel.be\/bioenergie\/index.php?rest_route=\/wp\/v2\/pages\/102\/revisions\/1564"}],"wp:attachment":[{"href":"https:\/\/soniadaniel.be\/bioenergie\/index.php?rest_route=%2Fwp%2Fv2%2Fmedia&parent=102"}],"curies":[{"name":"wp","href":"https:\/\/api.w.org\/{rel}","templated":true}]}}