{"id":1214,"date":"2015-04-14T08:33:03","date_gmt":"2015-04-14T08:33:03","guid":{"rendered":"http:\/\/soniadaniel.be\/bioenergie\/?page_id=1214"},"modified":"2023-08-27T15:58:06","modified_gmt":"2023-08-27T15:58:06","slug":"flamme-violette-2-2-3-2","status":"publish","type":"page","link":"https:\/\/soniadaniel.be\/bioenergie\/?page_id=1214","title":{"rendered":"Planning"},"content":{"rendered":"<div id=\"pbuilder_wrapper\">\n<div id=\"pbuilder_content_wrapper\">\n<div id=\"pbuilder_content\">\n<div data-rowtype=\"0\" data-rowid=\"0\" style=\" box-shadow:    ; \" class=\"pbuilder_row\">\n<div class=\"pbuilder_row_background\" style=\" background-color: ; \"><\/div>\n<div>\n<div data-colnumber=\"0\" class=\"pbuilder_column pbuilder_column-1-1\">\n<div style=\"\" class=\"pbuilder_droppable\" >\n<div class=\"pbuilder_module\" data-shortcode=\"heading\" data-modid=\"0\">\n<style type=\"text\/css\" scoped=\"scoped\">\n    #frb_h_178765038, #frb_h_178765038 *{}\n    #frb_h_178765038 a{color: #111111;}\n    #frb_h_178765038 a:hover{color: #111111;}\n\t<\/style>\n<style type=\"text\/css\" scoped=\"scoped\">#frb_h_178765038.frb_onScreen.frb_animated {-webkit-animation-duration: 1000ms; animation-duration: 1000ms;}#frb_h_178765038.frb_onScreen.frb_hinge {-webkit-animation-duration: 2000ms; animation-duration: 2000ms;}<\/style>\n<h3 id=\"frb_h_178765038\" class=\" frb_animated frb_fadeInUp\" style=\" padding-bottom:15px !important; margin-top:0 !important; text-align:left; color:#111111;\">.<\/h3>\n<\/div>\n<\/div>\n<\/div>\n<div style=\"clear:both;\"><\/div>\n<\/div>\n<\/div>\n<div data-rowtype=\"0\" data-rowid=\"1\" style=\" box-shadow:    ; \" class=\"pbuilder_row\">\n<div class=\"pbuilder_row_background\" style=\" background-color: ; \"><\/div>\n<div>\n<div data-colnumber=\"0\" class=\"pbuilder_column pbuilder_column-1-1\">\n<div style=\"\" class=\"pbuilder_droppable\" ><\/div>\n<\/div>\n<div style=\"clear:both;\"><\/div>\n<\/div>\n<\/div>\n<div data-rowtype=\"0\" data-rowid=\"2\" style=\" box-shadow:    ; \" class=\"pbuilder_row\">\n<div class=\"pbuilder_row_background\" style=\" background-color: ; \"><\/div>\n<div>\n<div data-colnumber=\"0\" class=\"pbuilder_column pbuilder_column-1-1\">\n<div style=\"\" class=\"pbuilder_droppable\" >\n<div class=\"pbuilder_module\" data-shortcode=\"text\" data-modid=\"4\">\n<style type=\"text\/css\" scoped=\"scoped\">\n    #frb_text_959654849, #frb_text_959654849 *{}\n    #frb_text_959654849 a{color: #444444;}\n    #frb_text_959654849 a:hover{color: #444444;}\n\t<\/style>\n<style type=\"text\/css\" scoped=\"scoped\">#frb_text_959654849.frb_onScreen.frb_animated {-webkit-animation-duration: 1000ms; animation-duration: 1000ms;}#frb_text_959654849.frb_onScreen.frb_hinge {-webkit-animation-duration: 2000ms; animation-duration: 2000ms;}<\/style>\n<div id=\"frb_text_959654849\" class=\"\" style=\"padding-bottom:36px !important; text-align:left;\">\n<div class=\"frb_text\" style=\"color:#444444;\">\n<table border=\"1\" width=\"71%\" cellspacing=\"1\" cellpadding=\"5\">\n<tbody>\n<tr align=\"left\">\n<td colspan=\"5\" height=\"48\">\n<p>Planning des formations<br \/>En esp\u00e9rant que contrairement aux deux ann\u00e9es pr\u00e9c\u00e9dentes les formations vont pouvoir \u00eatre donn\u00e9es. On y met plein de belles \u00e9nergies pour se faire,<\/p>\n<p>\u00a0<\/p>\n<p>Des cours de d\u00e9veloppement personnel sont en pr\u00e9paration. Plus d&rsquo;infos dans les mois qui viennent\u00a0!<\/p>\n<\/td>\n<\/tr>\n<tr align=\"left\">\n<td width=\"22%\" height=\"48\">\n<div align=\"left\"><strong>Nom<br \/><\/strong><\/div>\n<\/td>\n<td width=\"23%\">\n<div align=\"left\"><strong>Date<br \/><\/strong><\/div>\n<\/td>\n<td width=\"17%\">\n<div align=\"left\"><strong>Horaire<br \/><\/strong><\/div>\n<\/td>\n<td width=\"6%\">\n<div align=\"left\"><strong>Prix<br \/><\/strong><\/div>\n<\/td>\n<td width=\"32%\">\n<div align=\"left\"><strong>Lieu<br \/><\/strong><\/div>\n<\/td>\n<\/tr>\n<tr align=\"left\">\n<td>\n<div align=\"left\"><strong>Formations en pr\u00e9sentiel<br \/><\/strong><\/div>\n<\/td>\n<td>\u00a0<\/td>\n<td>\u00a0<\/td>\n<td>\u00a0<\/td>\n<td>\u00a0<\/td>\n<\/tr>\n<tr align=\"left\">\n<td><strong>Lahochi 13\u00e8me octave<\/strong><\/td>\n<td>01\/10\/23<\/td>\n<td>10h-18h<\/td>\n<td>130\u20ac<\/td>\n<td>\n<p>Li\u00e8ge<\/p>\n<\/td>\n<\/tr>\n<tr align=\"left\">\n<td><strong>Christal&rsquo;\u00c2me<\/strong><\/td>\n<td>15\/10\/23<\/td>\n<td>10h-18h<\/td>\n<td>130\u20ac<\/td>\n<td>Li\u00e8ge<\/td>\n<\/tr>\n<tr align=\"left\">\n<td><strong>Passeurs d&rsquo;\u00e2mes<\/strong><\/td>\n<td>12 et 19\/11\/23<\/td>\n<td>10h-18h<\/td>\n<td>220\u20ac<\/td>\n<td>Li\u00e8ge<\/td>\n<\/tr>\n<tr align=\"left\">\n<td>\u00a0<\/td>\n<td>\u00a0<\/td>\n<td>\u00a0<\/td>\n<td>\u00a0<\/td>\n<td>\u00a0<\/td>\n<\/tr>\n<tr align=\"left\">\n<td><strong>Auto-hypnose Protocole Simpson<\/strong><\/td>\n<td>\u00a0<\/td>\n<td>\u00a0<\/td>\n<td>\u00a0<\/td>\n<td>\u00a0<\/td>\n<\/tr>\n<tr align=\"left\">\n<td>\u00a0<\/td>\n<td>\u00a0<\/td>\n<td>\u00a0<\/td>\n<td>\u00a0<\/td>\n<td>\u00a0<\/td>\n<\/tr>\n<tr align=\"left\">\n<td>\u00a0<\/td>\n<td>\u00a0<\/td>\n<td>\u00a0<\/td>\n<td>\u00a0<\/td>\n<td>\u00a0<\/td>\n<\/tr>\n<tr align=\"left\">\n<td><strong>Gu\u00e9risseur Isis<\/strong><\/td>\n<td>\u00a0<\/td>\n<td>\u00a0<\/td>\n<td>\u00a0<\/td>\n<td>\u00a0<\/td>\n<\/tr>\n<tr align=\"left\">\n<td><strong>Gu\u00e9risseur Pharaon<\/strong><\/td>\n<td>\u00a0<\/td>\n<td>\u00a0<\/td>\n<td>\u00a0<\/td>\n<td>\u00a0<\/td>\n<\/tr>\n<tr align=\"left\">\n<td><strong>Flamme violette et or<\/strong><\/td>\n<td>\u00a0<\/td>\n<td>\u00a0<\/td>\n<td>\u00a0<\/td>\n<td>\u00a0<\/td>\n<\/tr>\n<tr align=\"left\">\n<td><strong>Flamme bleu et or<\/strong><\/td>\n<td>\u00a0<\/td>\n<td>\u00a0<\/td>\n<td>\u00a0<\/td>\n<td>\u00a0<\/td>\n<\/tr>\n<tr align=\"left\">\n<td><strong>Annales akashiques<\/strong><\/td>\n<td>\u00a0<\/td>\n<td>\u00a0<\/td>\n<td>\u00a0<\/td>\n<td>\u00a0<\/td>\n<\/tr>\n<tr align=\"left\">\n<td><strong>Massage m\u00e9tamorphique<\/strong><\/td>\n<td>\u00a0<\/td>\n<td>\u00a0<\/td>\n<td>\u00a0<\/td>\n<td>\u00a0<\/td>\n<\/tr>\n<tr align=\"left\">\n<td><strong>Lahochi<\/strong><\/td>\n<td>\u00a0<\/td>\n<td>\u00a0<\/td>\n<td>\u00a0<\/td>\n<td>\u00a0<\/td>\n<\/tr>\n<tr align=\"left\">\n<td>\u00a0<\/td>\n<td>\u00a0<\/td>\n<td>\u00a0<\/td>\n<td>\u00a0<\/td>\n<td>\u00a0<\/td>\n<\/tr>\n<tr align=\"left\">\n<td>\u00a0<\/td>\n<td>\u00a0<\/td>\n<td>\u00a0<\/td>\n<td>\u00a0<\/td>\n<td>\u00a0<\/td>\n<\/tr>\n<tr align=\"left\">\n<td>\u00a0<\/td>\n<td>\u00a0<\/td>\n<td>\u00a0<\/td>\n<td>\u00a0<\/td>\n<td>\u00a0<\/td>\n<\/tr>\n<tr align=\"left\">\n<td>\u00a0<\/td>\n<td>\u00a0<\/td>\n<td>\u00a0<\/td>\n<td>\u00a0<\/td>\n<td>\u00a0<\/td>\n<\/tr>\n<tr align=\"left\">\n<td colspan=\"5\">\u00a0<\/td>\n<\/tr>\n<\/tbody>\n<\/table>\n<\/div>\n<\/div>\n<\/div>\n<\/div>\n<\/div>\n<div style=\"clear:both;\"><\/div>\n<\/div>\n<\/div>\n<div data-rowtype=\"0\" data-rowid=\"3\" style=\" box-shadow:    ; \" class=\"pbuilder_row\">\n<div class=\"pbuilder_row_background\" style=\" background-color: ; \"><\/div>\n<div>\n<div data-colnumber=\"0\" class=\"pbuilder_column pbuilder_column-1-1\">\n<div style=\"\" class=\"pbuilder_droppable\" ><\/div>\n<\/div>\n<div style=\"clear:both;\"><\/div>\n<\/div>\n<\/div><\/div>\n<div style=\"clear:both\"><\/div>\n<\/p><\/div>\n<div style=\"clear:both\"><\/div>\n<\/p><\/div>\n","protected":false},"excerpt":{"rendered":"<p>. Planning des formationsEn esp\u00e9rant que contrairement aux deux ann\u00e9es pr\u00e9c\u00e9dentes les formations vont pouvoir \u00eatre donn\u00e9es. On y met plein de belles \u00e9nergies pour se faire, \u00a0 Des cours de d\u00e9veloppement personnel sont en pr\u00e9paration. Plus d&rsquo;infos dans les mois qui viennent\u00a0! Nom Date Horaire Prix Lieu Formations en pr\u00e9sentiel \u00a0 \u00a0 \u00a0 \u00a0 Lahochi 13\u00e8me octave 01\/10\/23 10h-18h 130\u20ac Li\u00e8ge Christal&rsquo;\u00c2me 15\/10\/23 10h-18h 130\u20ac Li\u00e8ge Passeurs d&rsquo;\u00e2mes 12 et 19\/11\/23 10h-18h 220\u20ac Li\u00e8ge \u00a0 \u00a0 \u00a0 \u00a0 \u00a0 Auto-hypnose Protocole Simpson \u00a0 \u00a0 \u00a0 \u00a0 \u00a0 \u00a0 \u00a0 \u00a0 \u00a0 \u00a0 \u00a0 \u00a0 \u00a0 \u00a0 Gu\u00e9risseur Isis \u00a0 [&#8230;]<\/p>\n","protected":false},"author":3,"featured_media":0,"parent":0,"menu_order":0,"comment_status":"open","ping_status":"open","template":"","meta":[],"_links":{"self":[{"href":"https:\/\/soniadaniel.be\/bioenergie\/index.php?rest_route=\/wp\/v2\/pages\/1214"}],"collection":[{"href":"https:\/\/soniadaniel.be\/bioenergie\/index.php?rest_route=\/wp\/v2\/pages"}],"about":[{"href":"https:\/\/soniadaniel.be\/bioenergie\/index.php?rest_route=\/wp\/v2\/types\/page"}],"author":[{"embeddable":true,"href":"https:\/\/soniadaniel.be\/bioenergie\/index.php?rest_route=\/wp\/v2\/users\/3"}],"replies":[{"embeddable":true,"href":"https:\/\/soniadaniel.be\/bioenergie\/index.php?rest_route=%2Fwp%2Fv2%2Fcomments&post=1214"}],"version-history":[{"count":16,"href":"https:\/\/soniadaniel.be\/bioenergie\/index.php?rest_route=\/wp\/v2\/pages\/1214\/revisions"}],"predecessor-version":[{"id":1572,"href":"https:\/\/soniadaniel.be\/bioenergie\/index.php?rest_route=\/wp\/v2\/pages\/1214\/revisions\/1572"}],"wp:attachment":[{"href":"https:\/\/soniadaniel.be\/bioenergie\/index.php?rest_route=%2Fwp%2Fv2%2Fmedia&parent=1214"}],"curies":[{"name":"wp","href":"https:\/\/api.w.org\/{rel}","templated":true}]}}