{"id":1222,"date":"2015-04-14T08:33:03","date_gmt":"2015-04-14T08:33:03","guid":{"rendered":"http:\/\/soniadaniel.be\/bioenergie\/?page_id=1222"},"modified":"2023-08-27T13:54:23","modified_gmt":"2023-08-27T13:54:23","slug":"flamme-violette-2-3","status":"publish","type":"page","link":"https:\/\/soniadaniel.be\/bioenergie\/?page_id=1222","title":{"rendered":"Pr\u00e9sentation"},"content":{"rendered":"<div id=\"pbuilder_wrapper\">\n<div id=\"pbuilder_content_wrapper\">\n<div id=\"pbuilder_content\">\n<div data-rowtype=\"0\" data-rowid=\"0\" style=\" box-shadow:    ; \" class=\"pbuilder_row\">\n<div class=\"pbuilder_row_background\" style=\" background-color: ; \"><\/div>\n<div>\n<div data-colnumber=\"0\" class=\"pbuilder_column pbuilder_column-1-1\">\n<div style=\"\" class=\"pbuilder_droppable\" >\n<div class=\"pbuilder_module\" data-shortcode=\"heading\" data-modid=\"0\">\n<style type=\"text\/css\" scoped=\"scoped\">\n    #frb_h_1499202554, #frb_h_1499202554 *{}\n    #frb_h_1499202554 a{color: #111111;}\n    #frb_h_1499202554 a:hover{color: #111111;}\n\t<\/style>\n<style type=\"text\/css\" scoped=\"scoped\">#frb_h_1499202554.frb_onScreen.frb_animated {-webkit-animation-duration: 1000ms; animation-duration: 1000ms;}#frb_h_1499202554.frb_onScreen.frb_hinge {-webkit-animation-duration: 2000ms; animation-duration: 2000ms;}<\/style>\n<h3 id=\"frb_h_1499202554\" class=\" frb_animated frb_fadeInUp\" style=\" padding-bottom:15px !important; margin-top:0 !important; text-align:left; color:#111111;\">J\u2019ai le plaisir de vous proposer une technique d\u2019hypnose particuli\u00e8re. Elle agit de mani\u00e8re holistique sur le client.<\/p>\n<p>J\u2019appr\u00e9cie de travailler avec le Protocole Simpson pour les r\u00e9sultats \u00e9tonnants qu\u2019il procure dans diff\u00e9rents domaines (travail sur la douleur, les peurs, les abus, la perte de poids, le stress, la d\u00e9pendance affective et plus encore).<br \/>Je peux facilement int\u00e9grer mes capacit\u00e9s intuitives dans l\u2019\u00e9laboration des questions qui sont pos\u00e9es.<br \/>C\u2019est un outil complet, puissant et respectueux de la personne dans sa globalit\u00e9.<br \/>Il est possible de travailler par procuration. Par exemple on travaille avec la maman comme repr\u00e9sentant de son enfant en bas \u00e2ge.<br \/>Il en va de m\u00eame pour les animaux en utilisant son propri\u00e9taire comme repr\u00e9sentant.<br \/>Et cerise sur le g\u00e2teau il suffit de 2 \u00e0 3 s\u00e9ances pour obtenir le r\u00e9sultat escompt\u00e9.<br \/>Le travail se fait en pr\u00e9sentiel mais aussi \u00e0 distance sans aucun probl\u00e8me.<\/p>\n<p>Voici les explications de ce magnifique protocole :<\/p>\n<p><u>Le Protocole Simpson<\/u><\/p>\n<p>Le protocole Simpson est un outil qui permet \u00e0 l\u2019esprit conscient du client de se d\u00e9tendre et de s\u2019\u00e9carter pour que son Superconscient (ou quel qu\u2019il soit) puisse travailler librement et compl\u00e8tement au profit optimal du client.<\/p>\n<p>Cette technique repr\u00e9sente une profonde perc\u00e9e dans le domaine de l\u2019hypnose. On a d\u00e9j\u00e0 commenc\u00e9 \u00e0 r\u00e9volutionner les th\u00e9rapies pour les individualiser pour chaque client en permettant au Supraconscient de chaque client de faire le travail. Ceci est fait en continuant \u00e0 communiquer avec l\u2019hypnotiseur pendant que le client est dans des \u00e9tats plus profonds. Le client peut faire son propre travail int\u00e9rieur avec la direction de l\u2019hypnotiseur pour l\u2019aider \u00e0 r\u00e9soudre tout probl\u00e8me qui le d\u00e9range.<br \/>Ce qui est important, c\u2019est que cela enl\u00e8ve le jugement de l\u2019hypnotiseur de l\u2019\u00e9quation et permet au client de faire l\u2019\u00e9valuation et le travail de changement de l\u2019int\u00e9rieur. Il s\u2019agit d\u2019un moyen beaucoup plus \u00ab pur \u00bb d\u2019apporter un changement pr\u00e9cis et correct pour le probl\u00e8me sp\u00e9cifique de chaque client et centr\u00e9 sur le client, ce qui renforce sa capacit\u00e9 de changement.<\/p>\n<p><strong>La cl\u00e9 du Protocole Simpson<\/strong>\u00a0est que l\u2019hypnotiseur est capable de communiquer avec son client lorsqu\u2019il est dans un \u00e9tat d\u2019hypnose tr\u00e8s profond (Esdaile par exemple) en acc\u00e9dant ainsi aux parties les plus puissantes de son esprit qui travaillent toujours pour le bien ultime du client.<\/p>\n<p><strong>Les clients font leur propre travail int\u00e9rieur<\/strong>\u00a0sous la direction de l\u2019hypnotiseur pour les aider \u00e0 r\u00e9soudre tout probl\u00e8me qui les d\u00e9range.<\/p>\n<p><strong>Il n\u2019est pas n\u00e9cessaire que le client vous dise quel est le probl\u00e8me.<\/strong>\u00a0Leur esprit conna\u00eet le probl\u00e8me et c\u2019est suffisant pour que le Protocole Simpson.<\/p>\n<p><strong>Cela enl\u00e8ve l\u2019esprit conscient (et critique) de l\u2019op\u00e9rateur<\/strong>\u00a0de l\u2019\u00e9quation et permet aux propres comp\u00e9tences mentales du client de faire l\u2019\u00e9valuation et le travail de changement de l\u2019int\u00e9rieur. Il s\u2019agit d\u2019un moyen beaucoup plus pur d\u2019apporter un changement pr\u00e9cis et correct pour le probl\u00e8me sp\u00e9cifique de chaque client et qui est centr\u00e9 sur le client. Ce qui renforce son autonomie.<\/p>\n<p><strong>C\u2019est l\u2019esprit m\u00eame du client qui d\u00e9cide<\/strong>\u00a0o\u00f9 et sur quoi on travaillera et qui effectue le travail int\u00e9rieurement et en priv\u00e9 si n\u00e9cessaire. C\u2019est un avantage majeur pour de nombreux clients qui ne souhaitent pas exposer leurs probl\u00e8mes \u00e0 qui que ce soit d\u2019autre en raison de probl\u00e8mes de confidentialit\u00e9.<\/h3>\n<\/div>\n<\/div>\n<\/div>\n<div style=\"clear:both;\"><\/div>\n<\/div>\n<\/div>\n<div data-rowtype=\"0\" data-rowid=\"1\" style=\" box-shadow:    ; \" class=\"pbuilder_row\">\n<div class=\"pbuilder_row_background\" style=\" background-color: ; \"><\/div>\n<div>\n<div data-colnumber=\"0\" class=\"pbuilder_column pbuilder_column-1-1\">\n<div style=\"\" class=\"pbuilder_droppable\" >\n<div class=\"pbuilder_module\" data-shortcode=\"text\" data-modid=\"1\">\n<style type=\"text\/css\" scoped=\"scoped\">\n    #frb_text_921562268, #frb_text_921562268 *{}\n    #frb_text_921562268 a{color: #444444;}\n    #frb_text_921562268 a:hover{color: #444444;}\n\t<\/style>\n<style type=\"text\/css\" scoped=\"scoped\">#frb_text_921562268.frb_onScreen.frb_animated {-webkit-animation-duration: 1000ms; animation-duration: 1000ms;}#frb_text_921562268.frb_onScreen.frb_hinge {-webkit-animation-duration: 2000ms; animation-duration: 2000ms;}<\/style>\n<div id=\"frb_text_921562268\" class=\" frb_animated frb_bounceInUp\" style=\"padding-bottom:15px !important; text-align:left;\">\n<div class=\"frb_text\" style=\"color:#444444;\">&#8230;<\/div>\n<\/div>\n<\/div>\n<\/div>\n<\/div>\n<div style=\"clear:both;\"><\/div>\n<\/div>\n<\/div>\n<div data-rowtype=\"0\" data-rowid=\"2\" style=\" box-shadow:    ; \" class=\"pbuilder_row\">\n<div class=\"pbuilder_row_background\" style=\" background-color: ; \"><\/div>\n<div>\n<div data-colnumber=\"0\" class=\"pbuilder_column pbuilder_column-1-1\">\n<div style=\"\" class=\"pbuilder_droppable\" ><\/div>\n<\/div>\n<div style=\"clear:both;\"><\/div>\n<\/div>\n<\/div>\n<div data-rowtype=\"0\" data-rowid=\"3\" style=\" box-shadow:    ; \" class=\"pbuilder_row\">\n<div class=\"pbuilder_row_background\" style=\" background-color: ; \"><\/div>\n<div>\n<div data-colnumber=\"0\" class=\"pbuilder_column pbuilder_column-1-1\">\n<div style=\"\" class=\"pbuilder_droppable\" ><\/div>\n<\/div>\n<div style=\"clear:both;\"><\/div>\n<\/div>\n<\/div><\/div>\n<div style=\"clear:both\"><\/div>\n<\/p><\/div>\n<div style=\"clear:both\"><\/div>\n<\/p><\/div>\n","protected":false},"excerpt":{"rendered":"<p>J\u2019ai le plaisir de vous proposer une technique d\u2019hypnose particuli\u00e8re. Elle agit de mani\u00e8re holistique sur le client.J\u2019appr\u00e9cie de travailler avec le Protocole Simpson pour les r\u00e9sultats \u00e9tonnants qu\u2019il procure dans diff\u00e9rents domaines (travail sur la douleur, les peurs, les abus, la perte de poids, le stress, la d\u00e9pendance affective et plus encore).Je peux facilement int\u00e9grer mes capacit\u00e9s intuitives dans l\u2019\u00e9laboration des questions qui sont pos\u00e9es.C\u2019est un outil complet, puissant et respectueux de la personne dans sa globalit\u00e9.Il est possible de travailler par procuration. Par exemple on travaille avec la maman comme repr\u00e9sentant de son enfant en bas \u00e2ge.Il en [&#8230;]<\/p>\n","protected":false},"author":3,"featured_media":0,"parent":0,"menu_order":0,"comment_status":"open","ping_status":"closed","template":"","meta":[],"_links":{"self":[{"href":"https:\/\/soniadaniel.be\/bioenergie\/index.php?rest_route=\/wp\/v2\/pages\/1222"}],"collection":[{"href":"https:\/\/soniadaniel.be\/bioenergie\/index.php?rest_route=\/wp\/v2\/pages"}],"about":[{"href":"https:\/\/soniadaniel.be\/bioenergie\/index.php?rest_route=\/wp\/v2\/types\/page"}],"author":[{"embeddable":true,"href":"https:\/\/soniadaniel.be\/bioenergie\/index.php?rest_route=\/wp\/v2\/users\/3"}],"replies":[{"embeddable":true,"href":"https:\/\/soniadaniel.be\/bioenergie\/index.php?rest_route=%2Fwp%2Fv2%2Fcomments&post=1222"}],"version-history":[{"count":5,"href":"https:\/\/soniadaniel.be\/bioenergie\/index.php?rest_route=\/wp\/v2\/pages\/1222\/revisions"}],"predecessor-version":[{"id":1557,"href":"https:\/\/soniadaniel.be\/bioenergie\/index.php?rest_route=\/wp\/v2\/pages\/1222\/revisions\/1557"}],"wp:attachment":[{"href":"https:\/\/soniadaniel.be\/bioenergie\/index.php?rest_route=%2Fwp%2Fv2%2Fmedia&parent=1222"}],"curies":[{"name":"wp","href":"https:\/\/api.w.org\/{rel}","templated":true}]}}