{"id":1251,"date":"2015-04-14T08:33:03","date_gmt":"2015-04-14T08:33:03","guid":{"rendered":"http:\/\/soniadaniel.be\/bioenergie\/?page_id=1251"},"modified":"2022-01-24T20:40:27","modified_gmt":"2022-01-24T20:40:27","slug":"flamme-violette-2-2-3-4","status":"publish","type":"page","link":"https:\/\/soniadaniel.be\/bioenergie\/?page_id=1251","title":{"rendered":"Alignement \u00e9nerg\u00e9tique"},"content":{"rendered":"<div id=\"pbuilder_wrapper\">\n<div id=\"pbuilder_content_wrapper\">\n<div id=\"pbuilder_content\">\n<div data-rowtype=\"0\" data-rowid=\"0\" style=\" box-shadow:    ; \" class=\"pbuilder_row\">\n<div class=\"pbuilder_row_background\" style=\" background-color: ; \"><\/div>\n<div>\n<div data-colnumber=\"0\" class=\"pbuilder_column pbuilder_column-1-1\">\n<div style=\"\" class=\"pbuilder_droppable\" >\n<div class=\"pbuilder_module\" data-shortcode=\"heading\" data-modid=\"0\">\n<style type=\"text\/css\" scoped=\"scoped\">\n    #frb_h_2106248265, #frb_h_2106248265 *{}\n    #frb_h_2106248265 a{color: #111111;}\n    #frb_h_2106248265 a:hover{color: #111111;}\n\t<\/style>\n<style type=\"text\/css\" scoped=\"scoped\">#frb_h_2106248265.frb_onScreen.frb_animated {-webkit-animation-duration: 1000ms; animation-duration: 1000ms;}#frb_h_2106248265.frb_onScreen.frb_hinge {-webkit-animation-duration: 2000ms; animation-duration: 2000ms;}<\/style>\n<h3 id=\"frb_h_2106248265\" class=\" frb_animated frb_fadeInUp\" style=\" padding-bottom:15px !important; margin-top:0 !important; text-align:left; color:#111111;\">.<\/h3>\n<\/div>\n<\/div>\n<\/div>\n<div style=\"clear:both;\"><\/div>\n<\/div>\n<\/div>\n<div data-rowtype=\"0\" data-rowid=\"1\" style=\" box-shadow:    ; \" class=\"pbuilder_row\">\n<div class=\"pbuilder_row_background\" style=\" background-color: ; \"><\/div>\n<div>\n<div data-colnumber=\"0\" class=\"pbuilder_column pbuilder_column-1-1\">\n<div style=\"\" class=\"pbuilder_droppable\" >\n<div class=\"pbuilder_module\" data-shortcode=\"text\" data-modid=\"1\">\n<style type=\"text\/css\" scoped=\"scoped\">\n    #frb_text_248671346, #frb_text_248671346 *{}\n    #frb_text_248671346 a{color: #444444;}\n    #frb_text_248671346 a:hover{color: #444444;}\n\t<\/style>\n<style type=\"text\/css\" scoped=\"scoped\">#frb_text_248671346.frb_onScreen.frb_animated {-webkit-animation-duration: 1000ms; animation-duration: 1000ms;}#frb_text_248671346.frb_onScreen.frb_hinge {-webkit-animation-duration: 2000ms; animation-duration: 2000ms;}<\/style>\n<div id=\"frb_text_248671346\" class=\" frb_animated frb_bounceInUp\" style=\"padding-bottom:15px !important; text-align:left;\">\n<div class=\"frb_text\" style=\"color:#444444;\">\n<p>Il s&rsquo;agit de lire les corps \u00e9nerg\u00e9tiques des personnes en vue de rectifier les probl\u00e9matiques qui nous sont montr\u00e9es. Vos guides vous transmettront un message d&rsquo;accompagnement ainsi qu&rsquo;un mantra ou mot de passe pour vous permettre de poursuivre les effets ce soin par vous-m\u00eames.<\/p>\n<p>Le soin dure environ une heure. Tarif 70,00 \u20ac de l\u2019heure<\/p>\n<p>Ce soin se donne en pr\u00e9sentiel ou \u00e0 distance<\/p>\n<\/div>\n<\/div>\n<\/div>\n<\/div>\n<\/div>\n<div style=\"clear:both;\"><\/div>\n<\/div>\n<\/div>\n<div data-rowtype=\"0\" data-rowid=\"2\" style=\" box-shadow:    ; \" class=\"pbuilder_row\">\n<div class=\"pbuilder_row_background\" style=\" background-color: ; \"><\/div>\n<div>\n<div data-colnumber=\"0\" class=\"pbuilder_column pbuilder_column-1-1\">\n<div style=\"\" class=\"pbuilder_droppable\" >\n<div class=\"pbuilder_module\" data-shortcode=\"text\" data-modid=\"4\">\n<style type=\"text\/css\" scoped=\"scoped\">\n    #frb_text_877142519, #frb_text_877142519 *{}\n    #frb_text_877142519 a{color: #444444;}\n    #frb_text_877142519 a:hover{color: #444444;}\n\t<\/style>\n<style type=\"text\/css\" scoped=\"scoped\">#frb_text_877142519.frb_onScreen.frb_animated {-webkit-animation-duration: 1000ms; animation-duration: 1000ms;}#frb_text_877142519.frb_onScreen.frb_hinge {-webkit-animation-duration: 2000ms; animation-duration: 2000ms;}<\/style>\n<div id=\"frb_text_877142519\" class=\"\" style=\"padding-bottom:36px !important; text-align:left;\">\n<div class=\"frb_text\" style=\"color:#444444;\">\n<p><a href=\"http:\/\/soniadaniel.be\/bioenergie\/wp-content\/uploads\/ouro-verde.jpg\"><img loading=\"lazy\" class=\"alignnone size-full wp-image-1024\" src=\"http:\/\/soniadaniel.be\/bioenergie\/wp-content\/uploads\/ouro-verde.jpg\" alt=\"ouro verde\" width=\"170\" height=\"137\" \/><\/a><\/p>\n<p>Alignement \u00e9nerg\u00e9tique se base sur le fait que toutes les personnes sur terre sont en fait un seul et m\u00eame \u00eatre et font partie de la m\u00eame essence qui tend vers une \u00e9volution constructive et plus harmonieuse, tel un organisme humain. Une personne humaine se compose ensuite de diff\u00e9rents champs \u00e9nerg\u00e9tiques incorporant le corps physique, mental et \u00e9motionnel. Les exp\u00e9riences que nous vivons construisent et conforment notre personnalit\u00e9. Depuis notre naissance, nous sommes sujets \u00e0 diverses influences externes qui nous rapprochent et\/ou nous \u00e9loignent de notre MOI Sup\u00e9rieur, notre essence. Nos relations avec nos parents, nos proches, la perception qu\u2019ils ont de nous sculptent notre personnalit\u00e9. Par exemple, une exp\u00e9rience n\u00e9gative v\u00e9cue dans notre enfance et en relation avec l\u2019expression de certains de nos sentiments, peut nous faire croire que son expression ou son ext\u00e9riorisation est pr\u00e9judiciable pour la survie de notre personne. Cette croyance se fixe alors en nous et cr\u00e9\u00e9e un corps \u00e9nerg\u00e9tique avec le message suivant : \u00ab Je ne suis pas capable d\u2019exprimer mes sentiments en public \u00bb. Ce corps \u00e9nerg\u00e9tique va s\u2019incorporer dans notre structure mental et cr\u00e9\u00e9 une distorsion qui, avec le temps, entravera nos relations avec les autres.\u00a0<img src=\"http:\/\/soniadaniel.be\/bioenergie\/wp-content\/uploads\/image0011.jpg\" alt=\"\" \/>La souffrance, qu\u2019elle soit mentale, physique ou \u00e9motionnelle est mesur\u00e9e para la tension du fil qui relie le point o\u00f9 nous sommes et\/ou d\u00e9sirons \u00eatre et ce que Dieu (notre \u00catre Sup\u00e9rieur) a pr\u00e9vu pour nous. On peut comparer les corps \u00e9nerg\u00e9tiques \u00e0 des v\u00eatements qui nous sont appliqu\u00e9s successivement. Ces habits \u00e9nerg\u00e9tiques forment notre propre personnalit\u00e9, notre mani\u00e8re de voir le monde, notre rapport et entente avec les autres et avec nous-m\u00eames. Parfois, certaines de ces parures nous sont favorables et nous aident \u00e0 r\u00e9aliser et atteindre des objectifs nobles dont les r\u00e9sultats sont bons pour nous, pour les autres, et pour l\u2019environnement. D\u2019autres \u00e9toffes, tel un d\u00e9guisement, cr\u00e9ent un malaise dans notre inconscient et attirent, en fonction d\u2019une image fausse et d\u00e9cal\u00e9e, des circonstances qui nous emp\u00eachent d\u2019exploiter nos capacit\u00e9s au maximum. Par exemple, si une personne h\u00e9berge dans son inconscient l\u2019id\u00e9e qu\u2019il n\u2019est pas digne d\u2019\u00eatre aim\u00e9, elle aura beaucoup de mal \u00e0 trouver quelqu\u2019un qui l\u2019aimera d\u2019un amour v\u00e9ritable car sa vibration \u00e9nerg\u00e9tique s\u2019opposera \u00e0 la mettre en situation d\u2019\u00eatre aim\u00e9 de la fa\u00e7on qu\u2019elle le souhaiterait. Cette fausse id\u00e9e, qui est en fait un Corps \u00e9nerg\u00e9tique cr\u00e9\u00e9 vraisemblablement par un traumatisme pass\u00e9, est tr\u00e8s difficile \u00e0 percevoir car elle se fige dans une zone \u00e9nerg\u00e9tique invisible \u00e0 l\u2019\u0153il nu, et porte une influence n\u00e9faste sur notre physique, notre mental et nos \u00e9motions. L\u2019Alignement Energ\u00e9tique est une th\u00e9rapie nouvelle et innovatrice face \u00e0 notre monde rationnel, mais extr\u00eamement efficace. Elle est in\u00e9dite en France et dans la plupart des pays d\u2019Europe. A ce jour, elle n\u2019est d\u00e9velopp\u00e9e qu\u2019au Br\u00e9sil, en Allemagne et en Espagne et depuis peu, en France et en Angleterre.<\/p>\n<div>Origines<\/div>\n<p><img src=\"http:\/\/soniadaniel.be\/bioenergie\/wp-content\/uploads\/image0021.jpg\" alt=\"\" \/>Les chamans indiens sont originaires d\u2019une culture tr\u00e8s ancienne (plusieurs milliers d\u2019ann\u00e9es) qui s\u2019\u00e9tend dans le monde entier. En contact et en connexion profonde avec la nature (monde visible et invisible), ils travaillent depuis toujours sur les \u00e9nergies disponibles dans la nature afin d\u2019aider \u00e0 \u00e9lever le niveau de conscience de chacun. Personne ne doute de l\u2019existence de l\u2019air que nous respirons\u2026, m\u00eame s\u2019il est impossible de le percevoir \u00e0 l\u2019\u0153il nu\u2026 Dans les tribus indiennes, leur principale occupation \u00e9tait d\u2019organiser une s\u00e9rie de rituels spirituels dans le but de gu\u00e9rir les malades. Encore aujourd\u2019hui, ces th\u00e9rapies sont utilis\u00e9es dans certaines tribus indiennes situ\u00e9es au br\u00e9sil qui n\u2019ont pas ou tr\u00e8s peu de contact avec notre civilisation.Il y a une trentaine d\u2019ann\u00e9e, un pharmacien et agronome appel\u00e9 Aloysio Delgado Nascimento, prit la d\u00e9cision d\u2019aller vivre dans une tribu indienne pendant 6 mois afin d\u2019y apprendre l\u2019ensemble des m\u00e9thodes th\u00e9rapeutiques utilis\u00e9es. 6 mois \u00e9tant insuffisant, il resta en fin de compte 14 ans afin d\u2019\u00e9tudier les rituels de gu\u00e9rison de plusieurs tribus indiennes du Parana et d\u2019Amazonie.Par la suite, lorsqu\u2019il prit conscience que le travail th\u00e9rapeutique pouvait \u00eatre effectu\u00e9 sans rituels particuliers et sans plantes hallucinog\u00e8nes, il retourna vivre \u00e0 la cit\u00e9 et cr\u00e9a l\u2019Alignement Energ\u00e9tique, formule et m\u00e9thode adapt\u00e9e \u00e0 l\u2019homme occidentalis\u00e9.<\/p>\n<div>Description d\u2019une s\u00e9ance<\/div>\n<p><img src=\"http:\/\/soniadaniel.be\/bioenergie\/wp-content\/uploads\/image0031.jpg\" alt=\"\" \/>Le chaman \u00e0 partir du concept expliqu\u00e9 ci-dessus, effectue une lecture du champ \u00e9nerg\u00e9tique de la personne trait\u00e9e, sans que celle-ci n\u2019ait \u00e0 les exprimer. Cette lecture va mettre en relief ses probl\u00e8mes, ses d\u00e9s\u00e9quilibres, \u00e0 savoir les blocages qui l\u2019emp\u00eachent de vivre harmonieusement. La deuxi\u00e8me partie du travail consiste \u00e0 savoir pourquoi ces blocages existent et cr\u00e9ent une disharmonie int\u00e9rieure. Quelle est la raison pour laquelle nous avons construits ces blocages qui aujourd\u2019hui nous mettent dans des situations d\u00e9sagr\u00e9ables et\/ou r\u00e9p\u00e9titives et qui nous emp\u00eachent d\u2019\u00e9voluer ou d\u2019\u00eatre pleinement heureux. La recherche de la motivation de ces corps \u00e9nerg\u00e9tiques s\u2019effectue au moyen d\u2019une canalisation ou captation de nos propres \u00e9motions ou croyances. Le chaman (comme s\u2019il portait notre habit pour quelques instants) incorpore en lui ces Corps Energ\u00e9tiques d\u00e9fectueux (qui repr\u00e9sente une petite partie de nous, mais qui influence les autres parties de mani\u00e8re n\u00e9gative \u00e0 l\u2019\u00e9volution de notre organisme) afin de nous en faire prendre conscience et de leur proposer d\u2019agir d\u2019une mani\u00e8re plus constructive. C\u2019est comme si nous parlions au travers des expressions de son corps. Ce reflet de nous-m\u00eame mis en sc\u00e8ne par cette \u00abperformance\u00bb autant spirituelle que r\u00e9elle du chaman, nous fait prendre conscience des attitudes qui sabotent notre vie. Par la suite, le chaman, gr\u00e2ce \u00e0 sa connexion privil\u00e9gi\u00e9e (qui en r\u00e9alit\u00e9 est accessible par tous) \u00e0 une \u00e9nergie christique (\u00e9nergie pure) et sa sensibilit\u00e9 affin\u00e9e va accompagner la transmutation de ces corps \u00e9nerg\u00e9tiques vers notre p\u00f4le positif. Leur purification s\u2019effectue au moyen d\u2019un message canalis\u00e9 du chaman qui donne lieu \u00e0 un mantra ou mot de passe qui permet de cimenter le changement \u00e9nerg\u00e9tique effectu\u00e9. C\u2019est en fait une opportunit\u00e9 en or de nous lib\u00e9rer de ces sentiments denses et encombrants qui nous emp\u00eachent d\u2019\u00e9voluer. Le r\u00e9sultat est imm\u00e9diat puisque, lib\u00e9r\u00e9 de cette \u00e9nergie pesante, notre vibration se situera \u00e0 une fr\u00e9quence nouvelle et attirera des situations, des personnes et des comportements diff\u00e9rents, plus en relation avec la dynamique de notre \u00e9volution. Notre vie professionnelle, personnelle, notre relation avec les autres et avec nous-m\u00eames s\u2019am\u00e9liorera tout naturellement. Un progr\u00e8s dans le traitement d\u2019une maladie chronique ou passag\u00e8re, une meilleure harmonie dans notre vie amoureuse, ou la rencontre d\u2019un travail, sont autant de cons\u00e9quences positives que peut apporter cette th\u00e9rapie chamanique. En dehors de tout type de concept \u00e9sot\u00e9rique, plusieurs films et livres nouveaux d\u2019avant garde et ayant une approche logique, pratique et\/ou scientifique des questions humaines, traitent des th\u00e8mes qui parlent notamment de la loi de l\u2019attraction qui stipule que nous construisons notre r\u00e9alit\u00e9 au travers de ce qui \u00e9mane de notre propre conscience: Le Secret, \u201cwhat the bleep do we know\u201d, Le guerrier pacifique, la Loi de l\u2019attraction\u2026 A nous de garder (et d\u2019\u00e9lever) notre niveau de conscience afin de ne pas r\u00e9int\u00e9grer en nous ces corps \u00e9nerg\u00e9tiques n\u00e9fastes et d\u2019utiliser au mieux nos talents pour notre \u00e9panouissement personnel.<\/p>\n<div>B\u00e9n\u00e9fices et r\u00e9sultats<\/div>\n<p>Les b\u00e9n\u00e9fices r\u00e9sultant d\u2019une consultation d\u2019alignement \u00e9nerg\u00e9tique sont tr\u00e8s divers et d\u00e9pendent du suivi effectu\u00e9 par le client. La th\u00e9rapie offre un changement dans notre champ d\u2019\u00e9nergie vibratoire en alignant ou \u00e9quilibrant notre niveau de fr\u00e9quence qui nous permettra d\u2019attirer davantage de situations positives en accord avec notre propre \u00e9volution. La loi de l\u2019attraction, bri\u00e8vement expliqu\u00e9e plus haut sera nettement stimul\u00e9e gr\u00e2ce \u00e0 ce travail. Mais attention, le changement naturel qu\u2019il produira peut \u00eatre tr\u00e8s subtil et il est n\u00e9cessaire d\u2019\u00eatre attentif \u00e0 tout changement de sensations ou d\u2019\u00e9motions que l\u2019on peut avoir. Car le travail provoque un changement naturel, et comme toute chose naturelle, cela est fait sans effort et \u00e0 c\u2019est \u00e0 peine si on s\u2019en aper\u00e7oit. C\u2019est souvent lors d\u2019une deuxi\u00e8me consultation qu\u2019on se prend conscience des changements op\u00e9r\u00e9s dans notre vie. lors d\u2019une deuxi\u00e8me consultation qu\u2019on se prend conscience des changements op\u00e9r\u00e9s dans notre vie. Car une fois notre fr\u00e9quence \u00e9nerg\u00e9tique \u00e9quilibr\u00e9e, nous ne sentirons pas les m\u00eames conflits int\u00e9rieurs qui nous poussaient \u00e0 agir d\u2019une fa\u00e7on r\u00e9p\u00e9t\u00e9e devant une situation difficile. Mais la partie mentale et rationnelle de notre cerveau \u2013 outil puissant qui devrait \u00eatre au service de notre propre \u00e9volution et non au service d\u2019une stagnation et d\u2019une r\u00e9p\u00e9tition de comportements n\u00e9fastes \u2013 se rappellera de notre fa\u00e7on de faire m\u00eame si nous sentons (seul moyen de changer notre comportement) qu\u2019il est possible d\u2019agir autrement. Souvent, notre mental a une f\u00e2cheuse tendance \u00e0 contr\u00f4ler m\u00eame au d\u00e9triment de notre bien \u00eatre individuel. De ce fait, appeler ou se connecter avec notre Mantra est \u00e0 la fois le moyen d\u2019acc\u00e9der au \u00ab sentir \u00bb, c\u2019est-\u00e0-dire de se mettre en contact avec cette nouvelle \u00e9nergie positive, constructive et \u00e9volutive qui vibre maintenant \u00e0 l\u2019int\u00e9rieur de nous, et de reprogrammer notre partie mentale et rationnel pour qui les changements s\u2019op\u00e8rent moins rapidement. Il s\u2019agit en quelque sorte d\u2019un mot de passe qui nous aidera \u00e0 cimenter le travail \u00e9nerg\u00e9tique effectu\u00e9 et finaliser les changements n\u00e9cessaires souhait\u00e9s.\u00a0<img src=\"http:\/\/soniadaniel.be\/bioenergie\/wp-content\/uploads\/image0061.jpg\" alt=\"\" \/>L\u2019alignement \u00e9nerg\u00e9tique nous offre l\u2019opportunit\u00e9 de se lib\u00e9rer de ce qui n\u2019est plus n\u00e9cessaire dans notre vie. Les r\u00e9sultats d\u2019une consultation d\u20191h30 sont diverses et d\u00e9pendent du suivi et du travail personnel qui suit. C\u2019est comme si la personne recevait les outils n\u00e9cessaires pour prendre ses propres d\u00e9cisions, libre de ses impulsions \u00e9motionnelles. Il ne d\u00e9pend donc que d\u2019elle de d\u00e9cider de changer pour toujours ou de recr\u00e9er les m\u00eames comportements ou \u00e9motions. Mais si la personne se maintient attentive aux changements plus ou moins subtils qui peuvent arriver dans sa vie (obtenir un travail, commencer un projet personnel, rencontrer l\u2019\u00e2me s\u0153ur\u2026), elle pourra b\u00e9n\u00e9ficier \u00e0 100% de ce travail. Lorsque l\u2019\u00e9nergie a \u00e9t\u00e9 \u00e9quilibr\u00e9e et la fr\u00e9quence align\u00e9e, et lorsque la personne a int\u00e9gr\u00e9 les changements dans sa vie de tous les jours, un changement important et positif peut arriver tr\u00e8s rapidement. Une fois que notre conscience a \u00e9t\u00e9 \u00e9lev\u00e9e, notre vie se met en accord avec notre propre essence, (aussi appel\u00e9 moi ou \u00e2me sup\u00e9rieur) et l\u2019univers pourra plus facilement travailler pour nous ouvrir davantage d\u2019opportunit\u00e9s de savoir qui nous sommes r\u00e9ellement. En ce qui concerne les effets possibles d\u2019une s\u00e9ance d\u2019alignement \u00e9nerg\u00e9tique, \u00e0 noter une \u00e9tude int\u00e9ressante mesur\u00e9s scientifiquement gr\u00e2ce \u00e0 une photo prise \u00e0 l\u2019aide du GDV (appareil d\u2019\u00e9lectrophotonique du Dr Korotkov) prise avant et apr\u00e8s une s\u00e9ance d\u2019alignement \u00e9nerg\u00e9tique (voir photo juste au dessus). Les boules rouges repr\u00e9sentent l\u2019alignement des chakras 2 jours avant la s\u00e9ance d\u2019alignement et les autres boules de couleurs, 2 jours apr\u00e8s la s\u00e9ance. On observe bien l\u2019\u00e9volution positive de l\u2019alignement des chakras suite \u00e0 la s\u00e9ance.<\/p>\n<\/div>\n<\/div>\n<\/div>\n<\/div>\n<\/div>\n<div style=\"clear:both;\"><\/div>\n<\/div>\n<\/div>\n<div data-rowtype=\"0\" data-rowid=\"3\" style=\" box-shadow:    ; \" class=\"pbuilder_row\">\n<div class=\"pbuilder_row_background\" style=\" background-color: ; \"><\/div>\n<div>\n<div data-colnumber=\"0\" class=\"pbuilder_column pbuilder_column-1-1\">\n<div style=\"\" class=\"pbuilder_droppable\" ><\/div>\n<\/div>\n<div style=\"clear:both;\"><\/div>\n<\/div>\n<\/div><\/div>\n<div style=\"clear:both\"><\/div>\n<\/p><\/div>\n<div style=\"clear:both\"><\/div>\n<\/p><\/div>\n","protected":false},"excerpt":{"rendered":"<p>. Il s&rsquo;agit de lire les corps \u00e9nerg\u00e9tiques des personnes en vue de rectifier les probl\u00e9matiques qui nous sont montr\u00e9es. Vos guides vous transmettront un message d&rsquo;accompagnement ainsi qu&rsquo;un mantra ou mot de passe pour vous permettre de poursuivre les effets ce soin par vous-m\u00eames. Le soin dure environ une heure. Tarif 70,00 \u20ac de l\u2019heure Ce soin se donne en pr\u00e9sentiel ou \u00e0 distance Alignement \u00e9nerg\u00e9tique se base sur le fait que toutes les personnes sur terre sont en fait un seul et m\u00eame \u00eatre et font partie de la m\u00eame essence qui tend vers une \u00e9volution constructive et [&#8230;]<\/p>\n","protected":false},"author":3,"featured_media":0,"parent":0,"menu_order":0,"comment_status":"open","ping_status":"open","template":"","meta":[],"_links":{"self":[{"href":"https:\/\/soniadaniel.be\/bioenergie\/index.php?rest_route=\/wp\/v2\/pages\/1251"}],"collection":[{"href":"https:\/\/soniadaniel.be\/bioenergie\/index.php?rest_route=\/wp\/v2\/pages"}],"about":[{"href":"https:\/\/soniadaniel.be\/bioenergie\/index.php?rest_route=\/wp\/v2\/types\/page"}],"author":[{"embeddable":true,"href":"https:\/\/soniadaniel.be\/bioenergie\/index.php?rest_route=\/wp\/v2\/users\/3"}],"replies":[{"embeddable":true,"href":"https:\/\/soniadaniel.be\/bioenergie\/index.php?rest_route=%2Fwp%2Fv2%2Fcomments&post=1251"}],"version-history":[{"count":4,"href":"https:\/\/soniadaniel.be\/bioenergie\/index.php?rest_route=\/wp\/v2\/pages\/1251\/revisions"}],"predecessor-version":[{"id":1434,"href":"https:\/\/soniadaniel.be\/bioenergie\/index.php?rest_route=\/wp\/v2\/pages\/1251\/revisions\/1434"}],"wp:attachment":[{"href":"https:\/\/soniadaniel.be\/bioenergie\/index.php?rest_route=%2Fwp%2Fv2%2Fmedia&parent=1251"}],"curies":[{"name":"wp","href":"https:\/\/api.w.org\/{rel}","templated":true}]}}