{"id":1289,"date":"2015-04-14T08:33:03","date_gmt":"2015-04-14T08:33:03","guid":{"rendered":"http:\/\/soniadaniel.be\/bioenergie\/?page_id=1289"},"modified":"2022-01-24T20:52:33","modified_gmt":"2022-01-24T20:52:33","slug":"flamme-violette-2-2-3-4-2-3-3-3-3-3-2","status":"publish","type":"page","link":"https:\/\/soniadaniel.be\/bioenergie\/?page_id=1289","title":{"rendered":"Passeurs d&rsquo;\u00e2mes"},"content":{"rendered":"<div id=\"pbuilder_wrapper\">\n<div id=\"pbuilder_content_wrapper\">\n<div id=\"pbuilder_content\">\n<div data-rowtype=\"0\" data-rowid=\"0\" style=\" box-shadow:    ; \" class=\"pbuilder_row\">\n<div class=\"pbuilder_row_background\" style=\" background-color: ; \"><\/div>\n<div>\n<div data-colnumber=\"0\" class=\"pbuilder_column pbuilder_column-1-1\">\n<div style=\"\" class=\"pbuilder_droppable\" >\n<div class=\"pbuilder_module\" data-shortcode=\"heading\" data-modid=\"0\">\n<style type=\"text\/css\" scoped=\"scoped\">\n    #frb_h_710142288, #frb_h_710142288 *{}\n    #frb_h_710142288 a{color: #111111;}\n    #frb_h_710142288 a:hover{color: #111111;}\n\t<\/style>\n<style type=\"text\/css\" scoped=\"scoped\">#frb_h_710142288.frb_onScreen.frb_animated {-webkit-animation-duration: 1000ms; animation-duration: 1000ms;}#frb_h_710142288.frb_onScreen.frb_hinge {-webkit-animation-duration: 2000ms; animation-duration: 2000ms;}<\/style>\n<h3 id=\"frb_h_710142288\" class=\" frb_animated frb_fadeInUp\" style=\" padding-bottom:15px !important; margin-top:0 !important; text-align:left; color:#111111;\">Passeurs d&rsquo;\u00e2mes<\/h3>\n<\/div>\n<\/div>\n<\/div>\n<div style=\"clear:both;\"><\/div>\n<\/div>\n<\/div>\n<div data-rowtype=\"0\" data-rowid=\"1\" style=\" box-shadow:    ; \" class=\"pbuilder_row\">\n<div class=\"pbuilder_row_background\" style=\" background-color: ; \"><\/div>\n<div>\n<div data-colnumber=\"0\" class=\"pbuilder_column pbuilder_column-1-1\">\n<div style=\"\" class=\"pbuilder_droppable\" >\n<div class=\"pbuilder_module\" data-shortcode=\"text\" data-modid=\"1\">\n<style type=\"text\/css\" scoped=\"scoped\">\n    #frb_text_923887723, #frb_text_923887723 *{}\n    #frb_text_923887723 a{color: #444444;}\n    #frb_text_923887723 a:hover{color: #444444;}\n\t<\/style>\n<style type=\"text\/css\" scoped=\"scoped\">#frb_text_923887723.frb_onScreen.frb_animated {-webkit-animation-duration: 1000ms; animation-duration: 1000ms;}#frb_text_923887723.frb_onScreen.frb_hinge {-webkit-animation-duration: 2000ms; animation-duration: 2000ms;}<\/style>\n<div id=\"frb_text_923887723\" class=\" frb_animated frb_bounceInUp\" style=\"padding-bottom:15px !important; text-align:left;\">\n<div class=\"frb_text\" style=\"color:#444444;\">&#8230;<\/div>\n<\/div>\n<\/div>\n<\/div>\n<\/div>\n<div style=\"clear:both;\"><\/div>\n<\/div>\n<\/div>\n<div data-rowtype=\"0\" data-rowid=\"2\" style=\" box-shadow:    ; \" class=\"pbuilder_row\">\n<div class=\"pbuilder_row_background\" style=\" background-color: ; \"><\/div>\n<div>\n<div data-colnumber=\"0\" class=\"pbuilder_column pbuilder_column-1-1\">\n<div style=\"\" class=\"pbuilder_droppable\" >\n<div class=\"pbuilder_module\" data-shortcode=\"text\" data-modid=\"4\">\n<style type=\"text\/css\" scoped=\"scoped\">\n    #frb_text_53042316, #frb_text_53042316 *{}\n    #frb_text_53042316 a{color: #444444;}\n    #frb_text_53042316 a:hover{color: #444444;}\n\t<\/style>\n<style type=\"text\/css\" scoped=\"scoped\">#frb_text_53042316.frb_onScreen.frb_animated {-webkit-animation-duration: 1000ms; animation-duration: 1000ms;}#frb_text_53042316.frb_onScreen.frb_hinge {-webkit-animation-duration: 2000ms; animation-duration: 2000ms;}<\/style>\n<div id=\"frb_text_53042316\" class=\"\" style=\"padding-bottom:36px !important; text-align:left;\">\n<div class=\"frb_text\" style=\"color:#444444;\">\n<h3 id=\"ui-id-45\" class=\"ui-accordion-header ui-state-default ui-accordion-icons ui-accordion-header-active ui-state-active ui-corner-top\" tabindex=\"0\" role=\"tab\" aria-controls=\"ui-id-46\" aria-selected=\"true\" aria-expanded=\"true\">Lors de cette journ\u00e9e vous apprendrez<\/h3>\n<div id=\"ui-id-46\" class=\"ui-accordion-content ui-helper-reset ui-widget-content ui-corner-bottom ui-accordion-content-active\" role=\"tabpanel\" aria-labelledby=\"ui-id-45\" aria-hidden=\"false\">1\u00b0) Pourquoi certaines \u00e2mes sont errantes et comment les d\u00e9tecter<br \/>2\u00b0) A vous prot\u00e9ger<br \/>3\u00b0) A cr\u00e9er votre propre passage des \u00e2mes vers la lumi\u00e8re<br \/>4\u00b0) A la fin de la journ\u00e9e nous ferons un passage d\u2019\u00e2mes ensemble<\/div>\n<div role=\"tabpanel\" aria-labelledby=\"ui-id-45\" aria-hidden=\"false\">\u00a0<\/div>\n<div role=\"tabpanel\" aria-labelledby=\"ui-id-45\" aria-hidden=\"false\">\n<h3 id=\"ui-id-47\" class=\"ui-accordion-header ui-state-default ui-accordion-icons ui-accordion-header-active ui-state-active ui-corner-top\" tabindex=\"0\" role=\"tab\" aria-controls=\"ui-id-48\" aria-selected=\"true\" aria-expanded=\"true\">La Flamme Violette est une \u00e9nergie spirituelle qui<\/h3>\n<div id=\"ui-id-48\" class=\"ui-accordion-content ui-helper-reset ui-widget-content ui-corner-bottom ui-accordion-content-active\" role=\"tabpanel\" aria-labelledby=\"ui-id-47\" aria-hidden=\"false\">\n<p>transforme les \u00e9nergies fines, subtiles et n\u00e9gatives de notre \u00catre en \u00e9nergies positives. Elle est destin\u00e9e \u00e0 l&rsquo;\u00e9veil, l&rsquo;\u00e9veil \u00e0 Soi-m\u00eame, l&rsquo;\u00e9veil aux autres. L&rsquo;\u00e9veil \u00e0 la Vie, \u00e0 la Joie, \u00e0 la F\u00eate. Elle redonne \u00e0 l&rsquo;\u00e9nergie ses fonctions et ses propri\u00e9t\u00e9s de puret\u00e9 originelle. Elle agit sur notre \u00catre holistique (corps-esprit-\u00e2me). Gr\u00e2ce \u00e0 la magie des mots, \u00e0 la science du verbe, chacun, ind\u00e9pendamment de son origine et de ses croyances, est en mesure de l&rsquo;invoquer, de l&rsquo;utiliser et de profiter de ses bienfaits. Elle est une \u00e9nergie spirituelle, ind\u00e9pendante de toute religion, de toute tendance, de toute croyance : la Flamme Violette est une \u00e9nergie qui rend la libert\u00e9 individuelle. Elle est compl\u00e9mentaire \u00e0 toute technique stimulant et renfor\u00e7ant les \u00e9nergies vitales de toute personne, comme le Reiki, le magn\u00e9tisme, les massages th\u00e9rapeutiques, \u2026. Gr\u00e2ce \u00e0 sa subtile puissance, cette Flamme est fortement recommand\u00e9e pour le d\u00e9veloppement et l&rsquo;\u00e9volution de toute personne. La Flamme Violette est une flamme de transformation, de protection, de libert\u00e9 et de pardon. &#8211; Elle transforme toute \u00e9nergie n\u00e9gative en \u00e9nergie positive. Ceci concerne directement les \u00e9nergies les plus fines et subtiles de notre \u00catre et aussi les \u00e9nergies des lieux, des relations, des \u00e9v\u00e9nements, etc&#8230; &#8211; Elle purifie les \u00e9nergies accessibles de notre karma, nous lib\u00e9rant d&rsquo;un poids souvent \u00e9norme et laissant ainsi la voie libre pour une \u00e9volution plus rapide. &#8211; Elle transforme notre corps physique, \u00e9motionnel, notre esprit et notre \u00e2me, en transmutant les \u00e9nergies, en leur redonnant leur puret\u00e9 originelle. Elle offre ainsi la possibilit\u00e9 de r\u00e9soudre les probl\u00e8mes psychologiques et \u00e9motionnels du pass\u00e9 sans les revivre par hypnose ou r\u00e9gression. Il suffit d&rsquo;envoyer la Flamme Violette pour que cette \u00e9nergie spirituelle commence \u00e0 transmuter, \u00e0 transformer ces perturbations et autres troubles. Elle agit avec douceur atome apr\u00e8s atome, cellule apr\u00e8s cellule, perturbation apr\u00e8s perturbation, pour que chaque impuret\u00e9 sera transmut\u00e9e! Elle est cet outil destin\u00e9 \u00e0 chacun, une \u00e9nergie de Beaut\u00e9 destin\u00e9e \u00e0 entourer chaque \u00eatre d&rsquo;une lumi\u00e8re protectrice, famili\u00e8re, transformatrice. La flamme violette est l&rsquo;essence de l&rsquo;un des \u00absept rayons\u00bb. Tout comme un rayon de soleil passant \u00e0 travers un prisme est r\u00e9fract\u00e9 de fa\u00e7on \u00e0 produire les sept couleurs de l&rsquo;arc-en-ciel, ainsi se manifeste la lumi\u00e8re spirituelle en sept rayons. Chaque rayon poss\u00e8de une couleur, une fr\u00e9quence et une qualit\u00e9 sp\u00e9cifique de la Conscience divine. Le rayon violet est connu en tant que septi\u00e8me rayon. Le Ma\u00eetre Ascensionn\u00e9 St Germain, gardien de la Flamme Violette, a pour mission de la transmettre \u00e0 toutes les personnes qui souhaitent \u0153uvrer avec lui. C&rsquo;est une flamme d&rsquo;\u00e9volution, de pardon et de protection. Son \u00e9nergie restaure la libert\u00e9 de l&rsquo;\u00eatre et elle est recommand\u00e9e \u00e0 toutes les personnes qui souhaitent se d\u00e9velopper spirituellement Lorsque vous l&rsquo;invoquez, elle descend telle un rayon d&rsquo;\u00e9nergie spirituelle et fait irruption dans votre c\u0153ur telle une flamme spirituelle aux qualit\u00e9s de mis\u00e9ricorde, de pardon, de justice, de libert\u00e9 et de transmutation. Saint-Germain est connu en tant que Seigneur du Septi\u00e8me Rayon. \u00c0 chaque fois que nous le prions, il nous apporte de nombreux dons du Saint-Esprit \u2013 dons de joie, de diplomatie et de cr\u00e9ativit\u00e9. Il peut nous inspirer de ses innovations en sciences, en litt\u00e9rature, en religion, en gouvernement, en philosophie, en \u00e9ducation, en gu\u00e9rison, en alchimie et autres domaines encore. Depuis pr\u00e8s de soixante-dix ans, Saint-Germain nous pr\u00e9pare \u00e0 entrer dans l&rsquo;\u00e8re du Verseau, une \u00e8re de paix, de libert\u00e9 et d&rsquo;illumination.<\/p>\n<p>\u00a0<\/p>\n<\/div>\n<\/div>\n<\/div>\n<\/div>\n<\/div>\n<\/div>\n<\/div>\n<div style=\"clear:both;\"><\/div>\n<\/div>\n<\/div>\n<div data-rowtype=\"0\" data-rowid=\"3\" style=\" box-shadow:    ; \" class=\"pbuilder_row\">\n<div class=\"pbuilder_row_background\" style=\" background-color: ; \"><\/div>\n<div>\n<div data-colnumber=\"0\" class=\"pbuilder_column pbuilder_column-1-1\">\n<div style=\"\" class=\"pbuilder_droppable\" ><\/div>\n<\/div>\n<div style=\"clear:both;\"><\/div>\n<\/div>\n<\/div><\/div>\n<div style=\"clear:both\"><\/div>\n<\/p><\/div>\n<div style=\"clear:both\"><\/div>\n<\/p><\/div>\n","protected":false},"excerpt":{"rendered":"<p>Passeurs d&rsquo;\u00e2mes &#8230; Lors de cette journ\u00e9e vous apprendrez 1\u00b0) Pourquoi certaines \u00e2mes sont errantes et comment les d\u00e9tecter2\u00b0) A vous prot\u00e9ger3\u00b0) A cr\u00e9er votre propre passage des \u00e2mes vers la lumi\u00e8re4\u00b0) A la fin de la journ\u00e9e nous ferons un passage d\u2019\u00e2mes ensemble \u00a0 La Flamme Violette est une \u00e9nergie spirituelle qui transforme les \u00e9nergies fines, subtiles et n\u00e9gatives de notre \u00catre en \u00e9nergies positives. Elle est destin\u00e9e \u00e0 l&rsquo;\u00e9veil, l&rsquo;\u00e9veil \u00e0 Soi-m\u00eame, l&rsquo;\u00e9veil aux autres. L&rsquo;\u00e9veil \u00e0 la Vie, \u00e0 la Joie, \u00e0 la F\u00eate. Elle redonne \u00e0 l&rsquo;\u00e9nergie ses fonctions et ses propri\u00e9t\u00e9s de puret\u00e9 originelle. Elle [&#8230;]<\/p>\n","protected":false},"author":3,"featured_media":0,"parent":0,"menu_order":0,"comment_status":"open","ping_status":"open","template":"","meta":[],"_links":{"self":[{"href":"https:\/\/soniadaniel.be\/bioenergie\/index.php?rest_route=\/wp\/v2\/pages\/1289"}],"collection":[{"href":"https:\/\/soniadaniel.be\/bioenergie\/index.php?rest_route=\/wp\/v2\/pages"}],"about":[{"href":"https:\/\/soniadaniel.be\/bioenergie\/index.php?rest_route=\/wp\/v2\/types\/page"}],"author":[{"embeddable":true,"href":"https:\/\/soniadaniel.be\/bioenergie\/index.php?rest_route=\/wp\/v2\/users\/3"}],"replies":[{"embeddable":true,"href":"https:\/\/soniadaniel.be\/bioenergie\/index.php?rest_route=%2Fwp%2Fv2%2Fcomments&post=1289"}],"version-history":[{"count":3,"href":"https:\/\/soniadaniel.be\/bioenergie\/index.php?rest_route=\/wp\/v2\/pages\/1289\/revisions"}],"predecessor-version":[{"id":1442,"href":"https:\/\/soniadaniel.be\/bioenergie\/index.php?rest_route=\/wp\/v2\/pages\/1289\/revisions\/1442"}],"wp:attachment":[{"href":"https:\/\/soniadaniel.be\/bioenergie\/index.php?rest_route=%2Fwp%2Fv2%2Fmedia&parent=1289"}],"curies":[{"name":"wp","href":"https:\/\/api.w.org\/{rel}","templated":true}]}}