{"id":1296,"date":"2015-04-14T08:33:03","date_gmt":"2015-04-14T08:33:03","guid":{"rendered":"http:\/\/soniadaniel.be\/bioenergie\/?page_id=1296"},"modified":"2022-01-24T20:26:33","modified_gmt":"2022-01-24T20:26:33","slug":"flamme-violette-2-2-3-4-2-3-3-3-3-3-3-2","status":"publish","type":"page","link":"https:\/\/soniadaniel.be\/bioenergie\/?page_id=1296","title":{"rendered":"Lahochi"},"content":{"rendered":"<div id=\"pbuilder_wrapper\">\n<div id=\"pbuilder_content_wrapper\">\n<div id=\"pbuilder_content\">\n<div data-rowtype=\"0\" data-rowid=\"0\" style=\" box-shadow:    ; \" class=\"pbuilder_row\">\n<div class=\"pbuilder_row_background\" style=\" background-color: ; \"><\/div>\n<div>\n<div data-colnumber=\"0\" class=\"pbuilder_column pbuilder_column-1-1\">\n<div style=\"\" class=\"pbuilder_droppable\" >\n<div class=\"pbuilder_module\" data-shortcode=\"heading\" data-modid=\"0\">\n<style type=\"text\/css\" scoped=\"scoped\">\n    #frb_h_571005846, #frb_h_571005846 *{}\n    #frb_h_571005846 a{color: #111111;}\n    #frb_h_571005846 a:hover{color: #111111;}\n\t<\/style>\n<style type=\"text\/css\" scoped=\"scoped\">#frb_h_571005846.frb_onScreen.frb_animated {-webkit-animation-duration: 1000ms; animation-duration: 1000ms;}#frb_h_571005846.frb_onScreen.frb_hinge {-webkit-animation-duration: 2000ms; animation-duration: 2000ms;}<\/style>\n<h3 id=\"frb_h_571005846\" class=\" frb_animated frb_fadeInUp\" style=\" padding-bottom:15px !important; margin-top:0 !important; text-align:left; color:#111111;\">Lahochi<\/h3>\n<\/div>\n<\/div>\n<\/div>\n<div style=\"clear:both;\"><\/div>\n<\/div>\n<\/div>\n<div data-rowtype=\"0\" data-rowid=\"1\" style=\" box-shadow:    ; \" class=\"pbuilder_row\">\n<div class=\"pbuilder_row_background\" style=\" background-color: ; \"><\/div>\n<div>\n<div data-colnumber=\"0\" class=\"pbuilder_column pbuilder_column-1-1\">\n<div style=\"\" class=\"pbuilder_droppable\" >\n<div class=\"pbuilder_module\" data-shortcode=\"text\" data-modid=\"1\">\n<style type=\"text\/css\" scoped=\"scoped\">\n    #frb_text_1948195143, #frb_text_1948195143 *{}\n    #frb_text_1948195143 a{color: #444444;}\n    #frb_text_1948195143 a:hover{color: #444444;}\n\t<\/style>\n<style type=\"text\/css\" scoped=\"scoped\">#frb_text_1948195143.frb_onScreen.frb_animated {-webkit-animation-duration: 1000ms; animation-duration: 1000ms;}#frb_text_1948195143.frb_onScreen.frb_hinge {-webkit-animation-duration: 2000ms; animation-duration: 2000ms;}<\/style>\n<div id=\"frb_text_1948195143\" class=\" frb_animated frb_bounceInUp\" style=\"padding-bottom:15px !important; text-align:left;\">\n<div class=\"frb_text\" style=\"color:#444444;\">&#8230;<\/div>\n<\/div>\n<\/div>\n<\/div>\n<\/div>\n<div style=\"clear:both;\"><\/div>\n<\/div>\n<\/div>\n<div data-rowtype=\"0\" data-rowid=\"2\" style=\" box-shadow:    ; \" class=\"pbuilder_row\">\n<div class=\"pbuilder_row_background\" style=\" background-color: ; \"><\/div>\n<div>\n<div data-colnumber=\"0\" class=\"pbuilder_column pbuilder_column-1-1\">\n<div style=\"\" class=\"pbuilder_droppable\" >\n<div class=\"pbuilder_module\" data-shortcode=\"text\" data-modid=\"4\">\n<style type=\"text\/css\" scoped=\"scoped\">\n    #frb_text_779456505, #frb_text_779456505 *{}\n    #frb_text_779456505 a{color: #444444;}\n    #frb_text_779456505 a:hover{color: #444444;}\n\t<\/style>\n<style type=\"text\/css\" scoped=\"scoped\">#frb_text_779456505.frb_onScreen.frb_animated {-webkit-animation-duration: 1000ms; animation-duration: 1000ms;}#frb_text_779456505.frb_onScreen.frb_hinge {-webkit-animation-duration: 2000ms; animation-duration: 2000ms;}<\/style>\n<div id=\"frb_text_779456505\" class=\"\" style=\"padding-bottom:36px !important; text-align:left;\">\n<div class=\"frb_text\" style=\"color:#444444;\">\n<p><span style=\"color: #ffc000;\"><span style=\"font-size: x-large;\">LAHOCHI<\/span><\/span><\/p>\n<p><span style=\"color: #333333;\"><span style=\"font-size: x-large;\">Description<\/span><\/span><\/p>\n<p><span style=\"color: #666666;\"><span style=\"font-size: large;\"><b>A. Pr\u00e9sentation<\/b><\/span><\/span><\/p>\n<p align=\"justify\"><span style=\"color: #666666;\"><span style=\"font-size: large;\">Le LaHoChi est une technique de soins tr\u00e8s puissante transmise par l\u2019imposition des mains qui apporte une tr\u00e8s haute fr\u00e9quence de la lumi\u00e8re. Il est consid\u00e9r\u00e9 par certains comme une forme de Reiki.<\/span><\/span><\/p>\n<p align=\"justify\"><span style=\"color: #666666;\"><span style=\"font-size: large;\">LaHoChi (qui se prononce lah hoe chee) est une \u00e9nergie spirituelle de gu\u00e9rison aux fr\u00e9quences vibratoires tr\u00e8s \u00e9lev\u00e9es. Elle permet d\u2019acc\u00e9der \u00e0 une plus grande compr\u00e9hension et utilisation de l\u2019Energie Universelle de Vie pour soi-m\u00eame et pour aider les autres.<\/span><\/span><\/p>\n<p align=\"justify\"><span style=\"color: #666666;\"><span style=\"font-size: large;\">Le LaHoChi peut \u00eatre utilis\u00e9 seul ou en combinaison avec d\u2019autres syst\u00e8mes de soins. Le LaHoChi permet d\u2019acc\u00e9der et d\u2019int\u00e9grer des \u00e9nergies subtiles de gu\u00e9rison aux fr\u00e9quences plus \u00e9lev\u00e9es, ouvrant \u00e0 la conscience multidimensionnelle.<\/span><\/span><\/p>\n<p align=\"justify\"><span style=\"color: #666666;\"><span style=\"font-size: large;\">Le LaHoChi restructure et \u00e9quilibre les corps subtils de l\u2019Etre, particuli\u00e8rement lorsqu\u2019il y a eu un traumatisme dans le corps \u00e9motionnel.<\/span><\/span><\/p>\n<p align=\"justify\"><span style=\"color: #666666;\"><span style=\"font-size: large;\">L\u2019enseignement LaHoChi a \u00e9t\u00e9 transmis par un ma\u00eetre spirituel du chi \u2013 le Ma\u00eetre LaHoChi \u2013 qui existe dans les Royaumes Ang\u00e9liques aupr\u00e8s du Ma\u00eetre Spirituel Satchamar, le 15 mai 1991. Leur union \u00e9nerg\u00e9tique a permis d\u2019activer ces \u00e9nergies spirituelles de gu\u00e9rison.<\/span><\/span><\/p>\n<p align=\"justify\"><span style=\"color: #666666;\"><span style=\"font-size: large;\">LaHoChi signifie : Le son \u201d La \u201d dans LaHoChi fait r\u00e9f\u00e9rence \u00e0 la lumi\u00e8re, l\u2019amour et la sagesse venant des fr\u00e9quences du Christ. Le son \u201d Ho \u201d fait r\u00e9f\u00e9rence au mouvement de cette \u00e9nergie, et le son \u201d Chi \u201d est la force de vie.<\/span><\/span><\/p>\n<p align=\"justify\"><span style=\"color: #666666;\"><span style=\"font-size: large;\">Par cons\u00e9quent, LaHoChi est l\u2019une des plus hautes fr\u00e9quences de lumi\u00e8re de gu\u00e9rison actuellement transmise qui, associ\u00e9e aux intentions du monde spirituel et des \u00eatres humains, permet \u00e0 l\u2019\u00e9nergie de se d\u00e9placer partout o\u00f9 elle a besoin d\u2019aller. Elle peut \u00eatre utilis\u00e9e pour la gu\u00e9rison de la terre, des humains, des animaux et des plantes.<\/span><\/span><\/p>\n<p align=\"justify\"><span style=\"color: #666666;\"><span style=\"font-size: large;\">N\u2019importe qui peut apprendre cette simple technique de gu\u00e9rison par les mains. C\u2019est par la pratique et l\u2019ouverture de vos propres canaux que vous deviendrez de plus en plus comp\u00e9tent. Une caract\u00e9ristique du LaHoChi est que l\u2019invocation au Ma\u00eetre LaHoChi, ainsi que la pri\u00e8re pr\u00e9liminaire maintient en place un \u201d Sceau de Protection \u201d autour du gu\u00e9risseur et du receveur.<\/span><\/span><\/p>\n<p align=\"justify\"><span style=\"color: #666666;\"><span style=\"font-size: large;\">Cette protection s\u2019oppose aux perturbations vibratoires et prot\u00e8ge le donneur et le receveur des \u00e9nergies n\u00e9gatives lib\u00e9r\u00e9es durant la gu\u00e9rison. Comme avec les autres m\u00e9thodes de gu\u00e9risons vibratoires, tant le gu\u00e9risseur que le receveur, re\u00e7oivent un traitement de gu\u00e9rison durant une s\u00e9ance LaHoChi.<\/span><\/span><\/p>\n<p align=\"justify\"><span style=\"color: #666666;\"><span style=\"font-size: large;\">L\u2019Auto-traitement est un outil tr\u00e8s puissant qui permet d\u2019int\u00e9grer les diff\u00e9rentes informations re\u00e7ues lors de l\u2019initiation et d\u2019amener la gu\u00e9rison profonde en soi-m\u00eame.<\/span><\/span><\/p>\n<p align=\"justify\"><span style=\"color: #666666;\"><span style=\"font-size: large;\">Les Traitements LaHoChi peuvent \u00eatre transmis en s\u00e9ance en direct ou \u00e0 distance.<\/span><\/span><\/p>\n<p align=\"justify\"><span style=\"color: #666666;\"><span style=\"font-size: large;\">La dur\u00e9e du traitement est variable : en moyenne entre \u00bd heure et 1 heure. Dans une s\u00e9ance de gu\u00e9rison LaHoChi, le Donneur dispose de cinq positions sp\u00e9cifiques de base o\u00f9 il place ses mains sur le corps du Receveur en pr\u00e9sentiel.<\/span><\/span><\/p>\n<p align=\"justify\"><span style=\"color: #666666;\"><span style=\"font-size: large;\">Elles couvrent la t\u00eate, le torse, les bras, les hanches et la r\u00e9gion des jambes et du c\u0153ur. Avec de la pratique, il apprend \u00e0 devenir enti\u00e8rement canal, \u00e0 se fier \u00e0 son intuition, et se laisse guider pour envoyer l\u2019\u00e9nergie curative \u00e0 une ou des zones sp\u00e9cifiques sur le patient.<\/span><\/span><\/p>\n<p align=\"justify\"><span style=\"color: #666666;\"><span style=\"font-size: large;\"><b>Les bienfaits du LaHoChi<\/b><\/span><\/span><span style=\"color: #666666;\"><span style=\"font-size: large;\">\u00a0:<\/span><\/span><\/p>\n<ul>\n<li>\n<p align=\"justify\"><span style=\"color: #666666;\"><span style=\"font-size: large;\">Il retisse le champ d\u2019\u00e9nergie en r\u00e9parant les br\u00e8ches, les d\u00e9chirures et les r\u00e9gions endommag\u00e9es par une vari\u00e9t\u00e9 d\u2019influence incluant une naissance difficile, une op\u00e9ration chirurgicale, la radiation, la drogue, les accidents, les blessures anciennes et pr\u00e9sentes de la vie, tous les types de traumatismes, les intoxications environnementales, les programmations n\u00e9gatives et les tendances g\u00e9n\u00e9tiques.<\/span><\/span><\/p>\n<\/li>\n<li>\n<p align=\"justify\"><span style=\"color: #666666;\"><span style=\"font-size: large;\">Il introduit des vibrations de couleur et de sant\u00e9.<\/span><\/span><\/p>\n<\/li>\n<li>\n<p align=\"justify\"><span style=\"color: #666666;\"><span style=\"font-size: large;\">Il am\u00e9liore le champ \u00e9th\u00e9rique, tel un traitement d\u2019acupuncture.<\/span><\/span><\/p>\n<\/li>\n<li>\n<p align=\"justify\"><span style=\"color: #666666;\"><span style=\"font-size: large;\">Il charge de vibrations les essences florales et min\u00e9rales.<\/span><\/span><\/p>\n<\/li>\n<li>\n<p align=\"justify\"><span style=\"color: #666666;\"><span style=\"font-size: large;\">Il \u00e9quilibre la circulation du fluide cr\u00e2nien dans le cerveau et \u00e9quilibre le syst\u00e8me c\u00e9r\u00e9bro-spinal.<\/span><\/span><\/p>\n<\/li>\n<li>\n<p align=\"justify\"><span style=\"color: #666666;\"><span style=\"font-size: large;\">Il ouvre les 21 centres d\u2019\u00e9nergie du corps ou le syst\u00e8me d\u2019anatomie des m\u00e9ridiens.<\/span><\/span><\/p>\n<\/li>\n<li>\n<p align=\"justify\"><span style=\"color: #666666;\"><span style=\"font-size: large;\">Il ouvre les blocages dans les corps d\u2019\u00e9nergies subtiles.<\/span><\/span><\/p>\n<\/li>\n<li>\n<p align=\"justify\"><span style=\"color: #666666;\"><span style=\"font-size: large;\">Le Lahochi ouvre et nettoie le syst\u00e8me des chakras.<\/span><\/span><\/p>\n<\/li>\n<li>\n<p align=\"justify\"><span style=\"color: #666666;\"><span style=\"font-size: large;\">Il r\u00e9aligne la structure du corps tel un syst\u00e8me de grille multidimensionnelle qui maintient le corps dans son int\u00e9grit\u00e9.<\/span><\/span><\/p>\n<\/li>\n<li>\n<p align=\"justify\"><span style=\"color: #666666;\"><span style=\"font-size: large;\">Il d\u00e9gage les blocages \u00e9lectriques dans l\u2019\u00e9nergie du corps, semblable \u00e0 un r\u00e9seau de liens entre la m\u00e9moire cellulaire et le corps physique, afin que l\u2019information puisse passer librement.<\/span><\/span><\/p>\n<\/li>\n<li>\n<p align=\"justify\"><span style=\"color: #666666;\"><span style=\"font-size: large;\">Il \u00e9largit le champ d\u2019\u00e9nergie.<\/span><\/span><\/p>\n<\/li>\n<li>\n<p align=\"justify\"><span style=\"color: #666666;\"><span style=\"font-size: large;\">Il place (ou contribue \u00e0 rendre disponible)\u00a0la m\u00e9moire divine dans la couche externe du champ \u00e9nerg\u00e9tique qui transmettra la m\u00e9moire divine au corps entier.<\/span><\/span><\/p>\n<\/li>\n<li>\n<p align=\"justify\"><span style=\"color: #666666;\"><span style=\"font-size: large;\">Il place (ou contribue \u00e0 rendre disponible)\u00a0la m\u00e9moire divine dans le champ \u00e9th\u00e9rique dans le but de gu\u00e9rir les d\u00e9s\u00e9quilibres.<\/span><\/span><\/p>\n<\/li>\n<li>\n<p align=\"justify\"><span style=\"color: #666666;\"><span style=\"font-size: large;\">Le LaHoChi active le corps de lumi\u00e8re.<\/span><\/span><\/p>\n<\/li>\n<li>\n<p align=\"justify\"><span style=\"color: #666666;\"><span style=\"font-size: large;\">Le LaHoChi acc\u00e9l\u00e8re la gu\u00e9rison et les dons spirituels<\/span><\/span><\/p>\n<\/li>\n<li>\n<p align=\"justify\"><span style=\"color: #666666;\"><span style=\"font-size: large;\">et bien d\u2019autres encore\u2026\u2026<\/span><\/span><\/p>\n<\/li>\n<li>\n<p align=\"justify\">\u00a0<\/p>\n<\/li>\n<\/ul>\n<p align=\"justify\"><span style=\"color: #666666;\"><span style=\"font-size: large;\"><b>B. Initiation et enseignement du LAHOCHI<\/b><\/span><\/span><\/p>\n<p align=\"justify\"><span style=\"color: #666666;\"><span style=\"font-size: large;\"><b>PRE-REQUIS<\/b><\/span><\/span><\/p>\n<p align=\"justify\"><span style=\"color: #666666;\"><span style=\"font-size: large;\">Pour tous, que vous d\u00e9siriez travailler \u00e0 votre d\u00e9veloppement personnel ou aider les autres, ce stage est fait pour vous. La formation ne fait aucune r\u00e9f\u00e9rence particuli\u00e8re \u00e0 une religion ou \u00e0 une secte, de quelques mani\u00e8res ou forme que ce soit.<\/span><\/span><\/p>\n<p><span style=\"color: #666666;\">\u00a0<\/span><\/p>\n<p align=\"justify\"><span style=\"color: #666666;\"><span style=\"font-size: large;\"><b>LA FORMATION A DISTANCE<\/b><\/span><\/span><\/p>\n<p align=\"justify\"><span style=\"color: #666666;\"><span style=\"font-size: large;\">Voici la proc\u00e9dure propos\u00e9e pour une formation Lahochi \u00e0 distance :<\/span><\/span><\/p>\n<p align=\"justify\"><span style=\"color: #666666;\">\u00a0<\/span><\/p>\n<ul>\n<li>\n<p align=\"justify\"><span style=\"color: #666666;\"><span style=\"font-size: large;\">Apr\u00e8s votre inscription et paiement, vous recevrez le manuel et tous les documents annexes par mail ou Messenger<\/span><\/span><\/p>\n<\/li>\n<\/ul>\n<ul>\n<li>\n<p align=\"justify\"><span style=\"color: #666666;\"><span style=\"font-size: large;\">Vous prenez le temps de lire et d\u2019\u00e9tudier le manuel en notant avec pr\u00e9cision toutes les questions th\u00e9oriques et quand vous \u00eates pr\u00eat(e)s nous prenons un 1er rendez-vous id\u00e9alement par t\u00e9l\u00e9phone. Les objectifs de ce 1er rendez-vous sont :<\/span><\/span><\/p>\n<\/li>\n<\/ul>\n<ul>\n<li style=\"list-style-type: none;\">\n<ul>\n<li>\n<p align=\"justify\"><span style=\"color: #666666;\"><span style=\"font-size: large;\"><b>r\u00e9pondre \u00e0 toutes vos questions th\u00e9oriques<\/b><\/span><\/span><span style=\"color: #666666;\"><span style=\"font-size: large;\">\u00a0suite \u00e0 l\u2019\u00e9tude du manuel,<\/span><\/span><\/p>\n<\/li>\n<li>\n<p align=\"justify\"><span style=\"color: #666666;\"><span style=\"font-size: large;\"><b>r\u00e9aliser \u00e0 distance votre initiation \u00e9nerg\u00e9tique<\/b><\/span><\/span><span style=\"color: #666666;\"><span style=\"font-size: large;\">, qui en Lahochi peut se faire en pr\u00e9sentiel ou \u00e0 distance sans que cela fasse aucune diff\u00e9rence. <\/span><\/span><\/p>\n<\/li>\n<\/ul>\n<\/li>\n<\/ul>\n<ul>\n<li>\n<p align=\"justify\"><span style=\"color: #666666;\"><span style=\"font-size: large;\">Dans l\u2019intervalle, vous pratiquez au moins l\u2019auto-traitement et si possible les soins aux autres (en direct ou \u00e0 distance). Puis quand vous le d\u00e9sirez, nous pr\u00e9voyons un second rendez-vous. Il aura pour objectif de vous donner la possibilit\u00e9 d\u2019enseigner le Lahochi vous-m\u00eame.<\/span><\/span><\/p>\n<\/li>\n<\/ul>\n<p><span style=\"color: #666666;\">\u00a0<\/span><\/p>\n<p align=\"justify\"><span style=\"color: #666666;\"><span style=\"font-size: large;\"><u><b>MISE EN GARDE<\/b><\/u><\/span><\/span><\/p>\n<ul>\n<li>\n<p align=\"justify\"><span style=\"color: #666666;\"><span style=\"font-size: large;\"><b>Ce syst\u00e8me \u00e9nerg\u00e9tique\u00a0ne peut se substituer \u00e0 un avis ou \u00e0 un traitement m\u00e9dical, et ce en aucune fa\u00e7on<\/b><\/span><\/span><span style=\"color: #666666;\"><span style=\"font-size: large;\">\u00a0:\u00a0Tout avis ou d\u00e9marche contraire doivent \u00eatre indubitablement consid\u00e9r\u00e9s comme une\u00a0<\/span><\/span><span style=\"color: #666666;\"><span style=\"font-size: large;\"><b>atteinte grave \u00e0 l\u2019\u00e9thique<\/b><\/span><\/span><span style=\"color: #666666;\"><span style=\"font-size: large;\">\u00a0ainsi qu\u2019\u00e0 la d\u00e9ontologie requise dans le cadre d\u2019un soin, d\u2019une initiation, ou plus largement dans la pratique de ces enseignements dans leur ensemble.\u00a0<\/span><\/span><\/p>\n<\/li>\n<\/ul>\n<ul>\n<li>\n<p align=\"justify\"><span style=\"color: #666666;\"><span style=\"font-size: large;\"><b>Ce syst\u00e8me \u00e9nerg\u00e9tique n\u2019appartient \u00e0 aucun ordre ou mouvement religieux ou sectaire\u00a0d\u2019aucune sorte\u00a0:<\/b><\/span><\/span><span style=\"color: #666666;\"><span style=\"font-size: large;\">\u00a0L\u2019administration de soins \u00e9nerg\u00e9tique ainsi que l\u2019enseignement sont ouverts \u00e0 tous quel que soit son origine et ses croyances. Ce syst\u00e8me \u00e9nerg\u00e9tique prescrit mais n\u2019impose rien et demeure une v\u00e9ritable \u00e9cole de libert\u00e9 et de respect.\u00a0Nous \u00e9mettons le v\u0153u pieu que toutes les personnes qui se sentent appel\u00e9es par cette \u00e9nergie, soient demain les gardiens farouches de ces valeurs.<\/span><\/span><\/p>\n<\/li>\n<\/ul>\n<p align=\"justify\">\n<p align=\"justify\"><span style=\"color: #666666;\"><span style=\"font-size: large;\">Je donne ce soin et je l\u2019enseigne<\/span><\/span><\/p>\n<p align=\"justify\">\n<p align=\"justify\"><span style=\"color: #666666;\"><span style=\"font-size: large;\">Prix de la formation compl\u00e8te : 90,00 \u20ac \u00e0 distance, 120,00\u20ac en pr\u00e9sentiel<\/span><\/span><\/p>\n<\/div>\n<\/div>\n<\/div>\n<\/div>\n<\/div>\n<div style=\"clear:both;\"><\/div>\n<\/div>\n<\/div>\n<div data-rowtype=\"0\" data-rowid=\"3\" style=\" box-shadow:    ; \" class=\"pbuilder_row\">\n<div class=\"pbuilder_row_background\" style=\" background-color: ; \"><\/div>\n<div>\n<div data-colnumber=\"0\" class=\"pbuilder_column pbuilder_column-1-1\">\n<div style=\"\" class=\"pbuilder_droppable\" ><\/div>\n<\/div>\n<div style=\"clear:both;\"><\/div>\n<\/div>\n<\/div><\/div>\n<div style=\"clear:both\"><\/div>\n<\/p><\/div>\n<div style=\"clear:both\"><\/div>\n<\/p><\/div>\n","protected":false},"excerpt":{"rendered":"<p>Lahochi &#8230; LAHOCHI Description A. Pr\u00e9sentation Le LaHoChi est une technique de soins tr\u00e8s puissante transmise par l\u2019imposition des mains qui apporte une tr\u00e8s haute fr\u00e9quence de la lumi\u00e8re. Il est consid\u00e9r\u00e9 par certains comme une forme de Reiki. LaHoChi (qui se prononce lah hoe chee) est une \u00e9nergie spirituelle de gu\u00e9rison aux fr\u00e9quences vibratoires tr\u00e8s \u00e9lev\u00e9es. Elle permet d\u2019acc\u00e9der \u00e0 une plus grande compr\u00e9hension et utilisation de l\u2019Energie Universelle de Vie pour soi-m\u00eame et pour aider les autres. Le LaHoChi peut \u00eatre utilis\u00e9 seul ou en combinaison avec d\u2019autres syst\u00e8mes de soins. Le LaHoChi permet d\u2019acc\u00e9der et d\u2019int\u00e9grer des [&#8230;]<\/p>\n","protected":false},"author":3,"featured_media":0,"parent":0,"menu_order":0,"comment_status":"open","ping_status":"open","template":"","meta":[],"_links":{"self":[{"href":"https:\/\/soniadaniel.be\/bioenergie\/index.php?rest_route=\/wp\/v2\/pages\/1296"}],"collection":[{"href":"https:\/\/soniadaniel.be\/bioenergie\/index.php?rest_route=\/wp\/v2\/pages"}],"about":[{"href":"https:\/\/soniadaniel.be\/bioenergie\/index.php?rest_route=\/wp\/v2\/types\/page"}],"author":[{"embeddable":true,"href":"https:\/\/soniadaniel.be\/bioenergie\/index.php?rest_route=\/wp\/v2\/users\/3"}],"replies":[{"embeddable":true,"href":"https:\/\/soniadaniel.be\/bioenergie\/index.php?rest_route=%2Fwp%2Fv2%2Fcomments&post=1296"}],"version-history":[{"count":3,"href":"https:\/\/soniadaniel.be\/bioenergie\/index.php?rest_route=\/wp\/v2\/pages\/1296\/revisions"}],"predecessor-version":[{"id":1425,"href":"https:\/\/soniadaniel.be\/bioenergie\/index.php?rest_route=\/wp\/v2\/pages\/1296\/revisions\/1425"}],"wp:attachment":[{"href":"https:\/\/soniadaniel.be\/bioenergie\/index.php?rest_route=%2Fwp%2Fv2%2Fmedia&parent=1296"}],"curies":[{"name":"wp","href":"https:\/\/api.w.org\/{rel}","templated":true}]}}