{"id":1314,"date":"2015-04-14T08:33:03","date_gmt":"2015-04-14T08:33:03","guid":{"rendered":"http:\/\/soniadaniel.be\/bioenergie\/?page_id=1314"},"modified":"2022-01-24T20:24:23","modified_gmt":"2022-01-24T20:24:23","slug":"flamme-violette-2-2-3-4-2-3-3-3-3-3-3-3-3-3-2","status":"publish","type":"page","link":"https:\/\/soniadaniel.be\/bioenergie\/?page_id=1314","title":{"rendered":"Gu\u00e9risseur Pharaon"},"content":{"rendered":"<div id=\"pbuilder_wrapper\">\n<div id=\"pbuilder_content_wrapper\">\n<div id=\"pbuilder_content\">\n<div data-rowtype=\"0\" data-rowid=\"0\" style=\" box-shadow:    ; \" class=\"pbuilder_row\">\n<div class=\"pbuilder_row_background\" style=\" background-color: ; \"><\/div>\n<div>\n<div data-colnumber=\"0\" class=\"pbuilder_column pbuilder_column-1-1\">\n<div style=\"\" class=\"pbuilder_droppable\" >\n<div class=\"pbuilder_module\" data-shortcode=\"heading\" data-modid=\"0\">\n<style type=\"text\/css\" scoped=\"scoped\">\n    #frb_h_871844834, #frb_h_871844834 *{}\n    #frb_h_871844834 a{color: #111111;}\n    #frb_h_871844834 a:hover{color: #111111;}\n\t<\/style>\n<style type=\"text\/css\" scoped=\"scoped\">#frb_h_871844834.frb_onScreen.frb_animated {-webkit-animation-duration: 1000ms; animation-duration: 1000ms;}#frb_h_871844834.frb_onScreen.frb_hinge {-webkit-animation-duration: 2000ms; animation-duration: 2000ms;}<\/style>\n<h3 id=\"frb_h_871844834\" class=\" frb_animated frb_fadeInUp\" style=\" padding-bottom:15px !important; margin-top:0 !important; text-align:left; color:#111111;\">Gu\u00e9risseur Pharaon<\/h3>\n<\/div>\n<\/div>\n<\/div>\n<div style=\"clear:both;\"><\/div>\n<\/div>\n<\/div>\n<div data-rowtype=\"0\" data-rowid=\"1\" style=\" box-shadow:    ; \" class=\"pbuilder_row\">\n<div class=\"pbuilder_row_background\" style=\" background-color: ; \"><\/div>\n<div>\n<div data-colnumber=\"0\" class=\"pbuilder_column pbuilder_column-1-1\">\n<div style=\"\" class=\"pbuilder_droppable\" >\n<div class=\"pbuilder_module\" data-shortcode=\"text\" data-modid=\"1\">\n<style type=\"text\/css\" scoped=\"scoped\">\n    #frb_text_2055133461, #frb_text_2055133461 *{}\n    #frb_text_2055133461 a{color: #444444;}\n    #frb_text_2055133461 a:hover{color: #444444;}\n\t<\/style>\n<style type=\"text\/css\" scoped=\"scoped\">#frb_text_2055133461.frb_onScreen.frb_animated {-webkit-animation-duration: 1000ms; animation-duration: 1000ms;}#frb_text_2055133461.frb_onScreen.frb_hinge {-webkit-animation-duration: 2000ms; animation-duration: 2000ms;}<\/style>\n<div id=\"frb_text_2055133461\" class=\" frb_animated frb_bounceInUp\" style=\"padding-bottom:15px !important; text-align:left;\">\n<div class=\"frb_text\" style=\"color:#444444;\">&#8230;<\/div>\n<\/div>\n<\/div>\n<\/div>\n<\/div>\n<div style=\"clear:both;\"><\/div>\n<\/div>\n<\/div>\n<div data-rowtype=\"0\" data-rowid=\"2\" style=\" box-shadow:    ; \" class=\"pbuilder_row\">\n<div class=\"pbuilder_row_background\" style=\" background-color: ; \"><\/div>\n<div>\n<div data-colnumber=\"0\" class=\"pbuilder_column pbuilder_column-1-1\">\n<div style=\"\" class=\"pbuilder_droppable\" >\n<div class=\"pbuilder_module\" data-shortcode=\"text\" data-modid=\"4\">\n<style type=\"text\/css\" scoped=\"scoped\">\n    #frb_text_236480912, #frb_text_236480912 *{}\n    #frb_text_236480912 a{color: #444444;}\n    #frb_text_236480912 a:hover{color: #444444;}\n\t<\/style>\n<style type=\"text\/css\" scoped=\"scoped\">#frb_text_236480912.frb_onScreen.frb_animated {-webkit-animation-duration: 1000ms; animation-duration: 1000ms;}#frb_text_236480912.frb_onScreen.frb_hinge {-webkit-animation-duration: 2000ms; animation-duration: 2000ms;}<\/style>\n<div id=\"frb_text_236480912\" class=\"\" style=\"padding-bottom:36px !important; text-align:left;\">\n<div class=\"frb_text\" style=\"color:#444444;\">\n<p><strong>Devenez Praticien et Enseignant du syst\u00e8me de soin \u00e9nerg\u00e9tique Gu\u00e9risseur Pharaons<\/strong><\/p>\n<p>Enseignements d\u2019Osiris, Isis, les Pharaons, les Grands pr\u00eatres et autres d\u00e9it\u00e9s \u00e9gyptiennes transmis \u00e0 travers Roland AUER de mai 2010 jusqu\u2019\u00e0 2016.\u00a0<br \/>Cet enseignement permet de faire des\u00a0soins \u00e9nerg\u00e9tiques de plus courte dur\u00e9e, de travailler sur la\u00a0reprogrammation du mental,\u00a0d\u2019utiliser\u00a0diff\u00e9rents outils mis \u00e0 notre disposition comme la croix d\u2019Ankh, la Cross\u2026d\u2019utiliser des\u00a0cadrans de radiesth\u00e9sie\u00a0et bien d\u2019autres choses encore\u2026<\/p>\n<p>Vous aurez \u00e0 votre disposition des\u00a0outils de protection, d\u2019harmonisation. Vous ferez confiance \u00e0 votre\u00a0intuition.<br \/>L\u2019initiation au \u00ab\u00a0Gu\u00e9risseur Isis\u00a0\u00bb est un tr\u00e8s bon compl\u00e9ment puisqu\u2019avec l\u2019enseignement du Gu\u00e9risseur Pharaons vous travaillez sur le\u00a0Masculin sacr\u00e9\u00a0et Gu\u00e9risseur Isis, votre F\u00e9minin Sacr\u00e9.\u00a0 L\u2019\u00e9quilibre entre les deux \u00e9tant tr\u00e8s important.<\/p>\n<p><strong>A qui s\u2019adresse la formation Gu\u00e9risseur Pharaons ?<\/strong><\/p>\n<p><strong>\u221e\u00a0<\/strong>Il serait bien de savoir\u00a0<strong>utiliser un pendule de radiesth\u00e9sie\u00a0<\/strong>car vous aurez acc\u00e8s \u00e0 de nombreux cadrans. Si ce n\u2019est pas le cas vous pouvez toujours utiliser le syst\u00e8me \u00e9nerg\u00e9tique Gu\u00e9risseur Pharaons.\u00a0<strong>\u00a0<\/strong><br \/><strong>\u221e\u00a0<\/strong>Cette formation s\u2019adresse aussi bien aux d\u00e9butants dans le domaine de l\u2019\u00e9nerg\u00e9tique qu\u2019aux th\u00e9rapeutes confirm\u00e9s d\u00e9sireux d\u2019acc\u00e9der \u00e0 de nouvelles connaissances et d\u2019avoir d\u2019autres outils pour diversifier vos accompagnements.\u00a0\u00a0<\/p>\n<p><strong>\u221e Etre ouvert<\/strong>\u00a0au monde de l\u2019invisible et \u00e0 la pr\u00e9sence des \u00eatres de Lumi\u00e8re.<\/p>\n<p><strong>\u221e\u00a0<\/strong>Le syst\u00e8me \u00e9nerg\u00e9tique gu\u00e9risseur Pharaons met \u00e0 votre disposition une \u00e9nergie et des outils d\u2019une grande puissance.<\/p>\n<p>Dans cet enseignement, Vous apprendrez \u00e0 vous servir des\u00a0<strong>diff\u00e9rentes cl\u00e9s \u00e9nerg\u00e9tiques\u00a0<\/strong>du syst\u00e8me \u00ab\u00a0Gu\u00e9risseur Pharaons\u00a0\u00bb .\u00a0\u00c0 la diff\u00e9rence des symboles transmis dans la plupart des autres syst\u00e8mes de gu\u00e9rison comme le Reiki par exemple,\u00a0<strong>ces cl\u00e9s sont des activateurs de courant d\u2019\u00e9nergie\u00a0<\/strong>Source qualifi\u00e9e par des\u00a0<strong>propri\u00e9t\u00e9s sp\u00e9cifiques.<\/strong>\u00a0Elles ne se tracent pas, mais se visualisent et on prononce leur nom \u00e9nerg\u00e9tique une fois, \u00e0 haute voix ou mentalement. Il suffit de pr\u00e9ciser pour combien de temps elles doivent rester actives. Pour un traitement, on demande qu\u2019elles le soient autant que n\u00e9cessaire pour la gu\u00e9rison ou l\u2019obtention du r\u00e9sultat d\u00e9sir\u00e9. Ces \u00e9nergies se projettent ou se placent aussi bien d\u2019un geste de la main ou d\u2019un simple regard.<\/p>\n<p><strong>Que peut vous apporter la formation Gu\u00e9risseur Pharaons<\/strong>\u00a0:\u00a0<\/p>\n<ul>\n<li>Ouvre \u00e0 la conscience de qui vous \u00eates vraiment : r\u00e9v\u00e8le le dieu et la d\u00e9esse en chacun de vous,<\/li>\n<li>Apprendre \u00e0 visualiser et utiliser des cl\u00e9s \u00e9nerg\u00e9tiques<\/li>\n<li>Avoir des outils suppl\u00e9mentaires \u00e0 proposer \u00e0 vos consultants\u00a0<\/li>\n<li>Reconnecte \u00e0 votre Masculin sacr\u00e9 qui vous permettra de plus facilement passer \u00e0 l\u2019action.<\/li>\n<li>El\u00e8ve notre taux vibratoire\u00a0<\/li>\n<li>Pouvoir effectuer des s\u00e9ances \u00e9nerg\u00e9tiques de courte dur\u00e9e sur soi ou sur d\u2019autres personnes<\/li>\n<li>D\u00e9veloppe vos capacit\u00e9s psychiques<\/li>\n<li>Enseigne comment travailler avec les \u00catres de Lumi\u00e8re et recevoir leur protection, soutien et assistance,<\/li>\n<li>Lib\u00e8re vos sch\u00e9mas mentaux et croyances limitantes<\/li>\n<li>Reconnecte \u00e0 vos vies ant\u00e9rieures, vos talents notamment ceux d\u00e9j\u00e0 acquis en Egypte Ancienne et dans les incarnations pr\u00e9c\u00e9dentes aussi bien en Atlantide, qu\u2019en L\u00e9murie par exemple..<\/li>\n<li>Et beaucoup d\u2019autres choses qui vous seront r\u00e9v\u00e9l\u00e9es personnellement au cours de votre d\u00e9veloppement spirituel<\/li>\n<\/ul>\n<p>\u00a0<\/p>\n<p>:Tarif\u00a0: En\u00a0 pr\u00e9sentiel \u00a02 jours 250,00\u20ac avec syllabus<\/p>\n<\/div>\n<\/div>\n<\/div>\n<\/div>\n<\/div>\n<div style=\"clear:both;\"><\/div>\n<\/div>\n<\/div>\n<div data-rowtype=\"0\" data-rowid=\"3\" style=\" box-shadow:    ; \" class=\"pbuilder_row\">\n<div class=\"pbuilder_row_background\" style=\" background-color: ; \"><\/div>\n<div>\n<div data-colnumber=\"0\" class=\"pbuilder_column pbuilder_column-1-1\">\n<div style=\"\" class=\"pbuilder_droppable\" >\n<div class=\"pbuilder_module\" data-shortcode=\"image\" data-modid=\"7\">\n<style type=\"text\/css\" scoped=\"scoped\">#frb_image_1258375601.frb_onScreen.frb_animated {-webkit-animation-duration: 1000ms; animation-duration: 1000ms;}#frb_image_1258375601.frb_onScreen.frb_hinge {-webkit-animation-duration: 2000ms; animation-duration: 2000ms;}<\/style>\n<style type=\"text\/css\" scoped=\"scoped\">#frb_image_1258375601 .frb_image_hover {background:#000000;}<\/style>\n<div id=\"frb_image_1258375601\" class=\"\" style=\"padding-bottom:36px !important;\">\n<div class=\"frb_image\" style=\"\"><span style=\"text-align:center; width:100%; display:block;\"><span class=\"frb_image_inner\" style=\"\" data-bordercolor=\"#111111\" data-borderhover=\"#000000\"><br \/>\n\t\t<img id=\"\" class=\" frb_image_flat\" src=\"http:\/\/soniadaniel.be\/bioenergie\/wp-content\/uploads\/paraon.jpg\" title=\"paraon\" alt=\"paraon\" style=\"border-color:#111111; margin:0 auto;\" \/><br \/>\n\t\t<span style=\"clear:both; display:block;\"><\/span><i class=\"frb_icon fa fa-search\" style=\"line-height:30px; font-size:30px; height:30px; width:30px; margin:-15px \"><\/i><\/span><\/span><\/div>\n<\/div>\n<\/div>\n<\/div>\n<\/div>\n<div style=\"clear:both;\"><\/div>\n<\/div>\n<\/div>\n<div data-rowtype=\"0\" data-rowid=\"4\" style=\" box-shadow:    ; \" class=\"pbuilder_row\">\n<div class=\"pbuilder_row_background\" style=\" background-color: ; \"><\/div>\n<div>\n<div data-colnumber=\"0\" class=\"pbuilder_column pbuilder_column-1-1\">\n<div style=\"\" class=\"pbuilder_droppable\" >\n<div class=\"pbuilder_module\" data-shortcode=\"text\" data-modid=\"6\">\n<style type=\"text\/css\" scoped=\"scoped\">\n    #frb_text_388071525, #frb_text_388071525 *{}\n    #frb_text_388071525 a{color: #444444;}\n    #frb_text_388071525 a:hover{color: #444444;}\n\t<\/style>\n<style type=\"text\/css\" scoped=\"scoped\">#frb_text_388071525.frb_onScreen.frb_animated {-webkit-animation-duration: 1000ms; animation-duration: 1000ms;}#frb_text_388071525.frb_onScreen.frb_hinge {-webkit-animation-duration: 2000ms; animation-duration: 2000ms;}<\/style>\n<div id=\"frb_text_388071525\" class=\"\" style=\"padding-bottom:36px !important; text-align:left;\">\n<div class=\"frb_text\" style=\"color:#444444;\">\n<p>Vous aurez \u00e0 votre disposition des\u00a0outils de protection , d\u2019harmonisation. Vous ferez confiance \u00e0 votre\u00a0intuition.<br \/>L\u2019initiation au \u00ab\u00a0Gu\u00e9risseur Isis\u00a0\u00bb est un tr\u00e8s bon compl\u00e9ment puisqu\u2019avec l\u2019enseignement du Gu\u00e9risseur Pharaons vous travaillez sur le\u00a0Masculin sacr\u00e9\u00a0et Gu\u00e9risseur Isis, votre F\u00e9minin Sacr\u00e9.\u00a0 L\u2019\u00e9quilibre entre les deux \u00e9tant tr\u00e8s important.<\/p>\n<p><strong>A qui s\u2019adresse la formation Gu\u00e9risseur Pharaons ?<\/strong><\/p>\n<p><strong>\u221e\u00a0<\/strong>Il serait bien de savoir\u00a0<strong>utiliser un pendule de radiesth\u00e9sie\u00a0<\/strong>car vous aurez acc\u00e8s \u00e0 de nombreux cadrans. Si ce n\u2019est pas le cas vous pouvez toujours utiliser le syst\u00e8me \u00e9nerg\u00e9tique Gu\u00e9risseur Pharaons.\u00a0<strong>\u00a0<\/strong><\/p>\n<p><strong>\u221e\u00a0<\/strong>Cette formation s\u2019adresse aussi bien aux d\u00e9butants dans le domaine de l\u2019\u00e9nerg\u00e9tique qu\u2019aux th\u00e9rapeutes confirm\u00e9s d\u00e9sireux d\u2019acc\u00e9der \u00e0 de nouvelles connaissances et d\u2019avoir d\u2019autres outils pour diversifier vos accompagnement.\u00a0\u00a0<\/p>\n<p><strong>\u221e Etre ouvert<\/strong>\u00a0au monde de l\u2019invisible et \u00e0 la pr\u00e9sence des \u00eatres de Lumi\u00e8re.<\/p>\n<p><strong>\u221e\u00a0<\/strong>Le syst\u00e8me \u00e9nerg\u00e9tique gu\u00e9risseur Pharaons met \u00e0 votre disposition une \u00e9nergie et des outils d\u2019une grande puissance.<\/p>\n<p>Dans cet enseignement, Vous apprendrez \u00e0 vous servir des\u00a0<strong>diff\u00e9rentes cl\u00e9s \u00e9nerg\u00e9tiques\u00a0<\/strong>du syst\u00e8me \u00ab\u00a0Gu\u00e9risseur Pharaons\u00a0\u00bb .\u00a0\u00c0 la diff\u00e9rence des symboles transmis dans la plupart des autres syst\u00e8mes de gu\u00e9rison comme le Reiki par exemple,\u00a0<strong>ces cl\u00e9s sont des activateurs de courant d\u2019\u00e9nergie\u00a0<\/strong>Source qualifi\u00e9e par des\u00a0<strong>propri\u00e9t\u00e9s sp\u00e9cifiques.<\/strong>\u00a0Elles ne se tracent pas, mais se visualisent et on prononce leur nom \u00e9nerg\u00e9tique une fois, \u00e0 haute voix ou mentalement. Il suffit de pr\u00e9ciser pour combien de temps elles doivent rester actives. Pour un traitement, on demande qu\u2019elles le soient autant que n\u00e9cessaire pour la gu\u00e9rison ou l\u2019obtention du r\u00e9sultat d\u00e9sir\u00e9. Ces \u00e9nergies se projettent ou se placent aussi bien d\u2019un geste de la main ou d\u2019un simple regard.<\/p>\n<p><strong>Que peut vous apporter la formation Gu\u00e9risseur Pharaons<\/strong>\u00a0:\u00a0<\/p>\n<ul>\n<li>Ouvre \u00e0 la conscience de qui vous \u00eates vraiment : r\u00e9v\u00e8le le dieu et la d\u00e9esse en chacun de vous,<\/li>\n<li>Apprendre \u00e0 visualiser et utiliser des cl\u00e9s \u00e9nerg\u00e9tiques<\/li>\n<li>Avoir des outils suppl\u00e9mentaires \u00e0 proposer \u00e0 vos consultants\u00a0<\/li>\n<li>Reconnecte \u00e0 votre Masculin sacr\u00e9 qui vous permettra de plus facilement passer \u00e0 l\u2019action.<\/li>\n<li>El\u00e8ve notre taux vibratoire\u00a0<\/li>\n<li>Pouvoir effectuer des s\u00e9ances \u00e9nerg\u00e9tiques de courte dur\u00e9e sur soi ou sur d\u2019autres personnes<\/li>\n<li>D\u00e9veloppe vos capacit\u00e9s psychiques<\/li>\n<li>Enseigne comment travailler avec les \u00catres de Lumi\u00e8re et recevoir leur protection, soutien et assistance,<\/li>\n<li>Lib\u00e8re vos sch\u00e9mas mentaux et croyances limitantes<\/li>\n<li>Reconnecte \u00e0 vos vies ant\u00e9rieures, vos talents notamment ceux d\u00e9j\u00e0 acquis en Egypte Ancienne et dans les incarnations pr\u00e9c\u00e9dentes aussi bien en Atlantide, qu\u2019en L\u00e9murie par exemple..<\/li>\n<li>Et beaucoup d\u2019autres choses qui vous seront r\u00e9v\u00e9l\u00e9es personnellement au cours de votre d\u00e9veloppement spirituel<\/li>\n<\/ul>\n<p>Programme du Gu\u00e9risseur Pharaons :<\/p>\n<\/div>\n<\/div>\n<\/div>\n<\/div>\n<\/div>\n<div style=\"clear:both;\"><\/div>\n<\/div>\n<\/div><\/div>\n<div style=\"clear:both\"><\/div>\n<\/p><\/div>\n<div style=\"clear:both\"><\/div>\n<\/p><\/div>\n","protected":false},"excerpt":{"rendered":"<p>Gu\u00e9risseur Pharaon &#8230; Devenez Praticien et Enseignant du syst\u00e8me de soin \u00e9nerg\u00e9tique Gu\u00e9risseur Pharaons Enseignements d\u2019Osiris, Isis, les Pharaons, les Grands pr\u00eatres et autres d\u00e9it\u00e9s \u00e9gyptiennes transmis \u00e0 travers Roland AUER de mai 2010 jusqu\u2019\u00e0 2016.\u00a0Cet enseignement permet de faire des\u00a0soins \u00e9nerg\u00e9tiques de plus courte dur\u00e9e, de travailler sur la\u00a0reprogrammation du mental,\u00a0d\u2019utiliser\u00a0diff\u00e9rents outils mis \u00e0 notre disposition comme la croix d\u2019Ankh, la Cross\u2026d\u2019utiliser des\u00a0cadrans de radiesth\u00e9sie\u00a0et bien d\u2019autres choses encore\u2026 Vous aurez \u00e0 votre disposition des\u00a0outils de protection, d\u2019harmonisation. Vous ferez confiance \u00e0 votre\u00a0intuition.L\u2019initiation au \u00ab\u00a0Gu\u00e9risseur Isis\u00a0\u00bb est un tr\u00e8s bon compl\u00e9ment puisqu\u2019avec l\u2019enseignement du Gu\u00e9risseur Pharaons vous travaillez sur [&#8230;]<\/p>\n","protected":false},"author":3,"featured_media":0,"parent":0,"menu_order":0,"comment_status":"open","ping_status":"open","template":"","meta":[],"_links":{"self":[{"href":"https:\/\/soniadaniel.be\/bioenergie\/index.php?rest_route=\/wp\/v2\/pages\/1314"}],"collection":[{"href":"https:\/\/soniadaniel.be\/bioenergie\/index.php?rest_route=\/wp\/v2\/pages"}],"about":[{"href":"https:\/\/soniadaniel.be\/bioenergie\/index.php?rest_route=\/wp\/v2\/types\/page"}],"author":[{"embeddable":true,"href":"https:\/\/soniadaniel.be\/bioenergie\/index.php?rest_route=\/wp\/v2\/users\/3"}],"replies":[{"embeddable":true,"href":"https:\/\/soniadaniel.be\/bioenergie\/index.php?rest_route=%2Fwp%2Fv2%2Fcomments&post=1314"}],"version-history":[{"count":3,"href":"https:\/\/soniadaniel.be\/bioenergie\/index.php?rest_route=\/wp\/v2\/pages\/1314\/revisions"}],"predecessor-version":[{"id":1423,"href":"https:\/\/soniadaniel.be\/bioenergie\/index.php?rest_route=\/wp\/v2\/pages\/1314\/revisions\/1423"}],"wp:attachment":[{"href":"https:\/\/soniadaniel.be\/bioenergie\/index.php?rest_route=%2Fwp%2Fv2%2Fmedia&parent=1314"}],"curies":[{"name":"wp","href":"https:\/\/api.w.org\/{rel}","templated":true}]}}